{"id":2649,"date":"2020-02-12T09:15:57","date_gmt":"2020-02-12T07:15:57","guid":{"rendered":"https:\/\/hermannstadt.evang.ro\/?page_id=2649"},"modified":"2020-04-01T16:29:48","modified_gmt":"2020-04-01T13:29:48","slug":"ceremonii-bisericiesti","status":"publish","type":"page","link":"https:\/\/hermannstadt.evang.ro\/ro\/ceremonii-bisericiesti\/","title":{"rendered":"Ceremonii bisericie\u0219ti"},"content":{"rendered":"<p><a href=\"https:\/\/hermannstadt.evang.ro\/wp-content\/uploads\/2019\/09\/207d5a94a1-300x225.jpg\"><img loading=\"lazy\" decoding=\"async\" class=\"alignleft wp-image-1213 size-medium\" src=\"https:\/\/hermannstadt.evang.ro\/wp-content\/uploads\/2019\/09\/207d5a94a1-300x225.jpg\" alt=\"\" width=\"300\" height=\"225\" srcset=\"https:\/\/hermannstadt.evang.ro\/wp-content\/uploads\/2019\/09\/207d5a94a1-300x225.jpg 300w, https:\/\/hermannstadt.evang.ro\/wp-content\/uploads\/2019\/09\/207d5a94a1-768x576.jpg 768w, https:\/\/hermannstadt.evang.ro\/wp-content\/uploads\/2019\/09\/207d5a94a1.jpg 800w\" sizes=\"auto, (max-width: 300px) 100vw, 300px\" \/><\/a><\/p>\n<p>&nbsp;<\/p>\n<p>Noi suntem al\u0103turi de oameni la puncte de cotitur\u0103 ale vie\u021bii \u0219i-i\u00a0 \u00eenso\u021bim, trec\u00e2nd \u00eempreun\u0103 prin momentele critice \u0219i fericite.<\/p>\n<p>\u00cen aceste treceri, un rol important au diferitele rituale \u0219i or\u00e2nduiri. Ele creeaz\u0103 un anumit cadru pentru momentele festive \u0219i ne ajut\u0103 s\u0103 r\u0103zbim cu schimb\u0103rile din via\u021ba noastr\u0103.<\/p>\n<p>\u00cen acest meniu g\u0103si\u021bi informa\u021bii despre aceste ceremonii biserice\u0219ti \u0219i servicii duhovnice\u0219ti, care fac parte din via\u021ba parohiei noastre.<\/p>\n<p>&nbsp;<\/p>\n","protected":false},"excerpt":{"rendered":"<p>&nbsp; Noi suntem al\u0103turi de oameni la puncte de cotitur\u0103 ale vie\u021bii \u0219i-i\u00a0 \u00eenso\u021bim, trec\u00e2nd \u00eempreun\u0103 prin momentele critice \u0219i fericite. \u00cen aceste treceri, un rol important au diferitele rituale \u0219i or\u00e2nduiri. Ele creeaz\u0103 un anumit cadru pentru momentele festive \u0219i ne ajut\u0103 s\u0103 r\u0103zbim cu schimb\u0103rile din via\u021ba noastr\u0103. \u00cen acest meniu g\u0103si\u021bi informa\u021bii [&hellip;]<\/p>\n","protected":false},"author":1,"featured_media":0,"parent":0,"menu_order":0,"comment_status":"closed","ping_status":"closed","template":"","meta":{"footnotes":""},"class_list":["post-2649","page","type-page","status-publish","czr-hentry"],"_links":{"self":[{"href":"https:\/\/hermannstadt.evang.ro\/ro\/wp-json\/wp\/v2\/pages\/2649","targetHints":{"allow":["GET"]}}],"collection":[{"href":"https:\/\/hermannstadt.evang.ro\/ro\/wp-json\/wp\/v2\/pages"}],"about":[{"href":"https:\/\/hermannstadt.evang.ro\/ro\/wp-json\/wp\/v2\/types\/page"}],"author":[{"embeddable":true,"href":"https:\/\/hermannstadt.evang.ro\/ro\/wp-json\/wp\/v2\/users\/1"}],"replies":[{"embeddable":true,"href":"https:\/\/hermannstadt.evang.ro\/ro\/wp-json\/wp\/v2\/comments?post=2649"}],"version-history":[{"count":4,"href":"https:\/\/hermannstadt.evang.ro\/ro\/wp-json\/wp\/v2\/pages\/2649\/revisions"}],"predecessor-version":[{"id":3906,"href":"https:\/\/hermannstadt.evang.ro\/ro\/wp-json\/wp\/v2\/pages\/2649\/revisions\/3906"}],"wp:attachment":[{"href":"https:\/\/hermannstadt.evang.ro\/ro\/wp-json\/wp\/v2\/media?parent=2649"}],"curies":[{"name":"wp","href":"https:\/\/api.w.org\/{rel}","templated":true}]}}