{"id":2652,"date":"2020-02-12T09:19:27","date_gmt":"2020-02-12T07:19:27","guid":{"rendered":"https:\/\/hermannstadt.evang.ro\/?page_id=2652"},"modified":"2025-02-21T19:35:21","modified_gmt":"2025-02-21T17:35:21","slug":"servicii-sociale","status":"publish","type":"page","link":"https:\/\/hermannstadt.evang.ro\/ro\/servicii-sociale\/","title":{"rendered":"Servicii sociale"},"content":{"rendered":"<figure id=\"attachment_2819\" aria-describedby=\"caption-attachment-2819\" style=\"width: 371px\" class=\"wp-caption alignright\"><img loading=\"lazy\" decoding=\"async\" class=\"wp-image-2821\" src=\"https:\/\/hermannstadt.evang.ro\/wp-content\/uploads\/2020\/02\/Gottesdienst_Schellenberg_2018-3.jpg\" alt=\"ddd\" width=\"371\" height=\"727\" \/><figcaption id=\"caption-attachment-2819\" class=\"wp-caption-text\">ddddd<\/figcaption><\/figure>\n<div>Diaconia parohiei noastre lucreaz\u0103 at\u00e2t pentru enoria\u0219ii no\u0219tri, c\u00e2t \u0219i pentru persoanele defavorizate social, de orice origine sau confesiune, din Sibiu \u0219i din \u00eemprejurimi. Persoanele care au nevoie de ajutor sunt sf\u0103tuite \u0219i pot discuta cu persoane bine informate despre ce se poate face \u00een situa\u021bia lor \u0219i cum \u00eei poate ajuta parohia.<\/div>\n<div>\n<h3><a href=\"https:\/\/hermannstadt.evang.ro\/wp-content\/uploads\/2025\/02\/Raport-anual-2024-servicii-sociale.pdf\">Citi\u021bi Raportul Anual pentru 2024<\/a><\/h3>\n<\/div>\n<div>Diaconia noastr\u0103 include, de asemenea\u00a0 un punct de distribu\u021bie de <strong>medicamente<\/strong>, precum \u0219i &#8222;<strong>masa pe ro\u021bi&#8221;<\/strong>. L<strong>ocuin\u021bele sociale<\/strong> sunt \u00eengrijite, iar \u0219omerii sunt reintegra\u021bi pe pia\u021ba muncii. \u00cen plus, un grup pentru <strong>nev\u0103z\u0103tori<\/strong> se \u00eent\u00e2lne\u0219te de c\u00e2teva ori pe an, \u00een preajma s\u0103rb\u0103torilor.<br \/>\n\u00cen calitate de centru de zi pentru copii, &#8222;<strong>Casa deschis\u0103<\/strong>&#8221; apar\u021bine, de asemenea, diaconiei parohiei protestante din Hermannstadt.<\/div>\n<div><\/div>\n<div>Pentru mai multe informa\u021bii despre proiecte \u0219i despre modul \u00een care v\u0103 pute\u021bi implica, v\u0103 rug\u0103m s\u0103 consulta\u021bi paginile corespunz\u0103toare.<\/div>\n<div><\/div>\n<div>De dou\u0103 ori pe an, mul\u021bi dintre cei 25 de voluntari ai serviciului de vizit\u0103 al parohiei noastre se \u00eent\u00e2lnesc pentru a face schimb de idei cu privire la activitatea lor de voluntariat \u0219i pentru a fi \u00eent\u0103ri\u021bi pentru munca lor. Noii colaboratori sunt, de asemenea, bineveni\u021bi \u0219i o pot contacta pe Annemarie Fazakas \u00een orice moment pentru a afla mai multe despre aceast\u0103 activitate.<\/div>\n<div><\/div>\n<h3>Raportul anual al serviciului de asisten\u021b\u0103 social\u0103 poate fi desc\u0103rcat aici:\u00a0 <a href=\"https:\/\/hermannstadt.evang.ro\/wp-content\/uploads\/2022\/05\/Raport-anual-2021-DIAKONIE-asistenta-comunitara.pdf\">Raport anual 2021 DIAKONIE asistenta comunitara<\/a><\/h3>\n<p>&nbsp;<\/p>\n<p>&nbsp;<\/p>\n","protected":false},"excerpt":{"rendered":"<p>Diaconia parohiei noastre lucreaz\u0103 at\u00e2t pentru enoria\u0219ii no\u0219tri, c\u00e2t \u0219i pentru persoanele defavorizate social, de orice origine sau confesiune, din Sibiu \u0219i din \u00eemprejurimi. Persoanele care au nevoie de ajutor sunt sf\u0103tuite \u0219i pot discuta cu persoane bine informate despre ce se poate face \u00een situa\u021bia lor \u0219i cum \u00eei poate ajuta parohia. Citi\u021bi Raportul [&hellip;]<\/p>\n","protected":false},"author":1,"featured_media":0,"parent":0,"menu_order":0,"comment_status":"closed","ping_status":"closed","template":"","meta":{"footnotes":""},"class_list":["post-2652","page","type-page","status-publish","czr-hentry"],"_links":{"self":[{"href":"https:\/\/hermannstadt.evang.ro\/ro\/wp-json\/wp\/v2\/pages\/2652","targetHints":{"allow":["GET"]}}],"collection":[{"href":"https:\/\/hermannstadt.evang.ro\/ro\/wp-json\/wp\/v2\/pages"}],"about":[{"href":"https:\/\/hermannstadt.evang.ro\/ro\/wp-json\/wp\/v2\/types\/page"}],"author":[{"embeddable":true,"href":"https:\/\/hermannstadt.evang.ro\/ro\/wp-json\/wp\/v2\/users\/1"}],"replies":[{"embeddable":true,"href":"https:\/\/hermannstadt.evang.ro\/ro\/wp-json\/wp\/v2\/comments?post=2652"}],"version-history":[{"count":7,"href":"https:\/\/hermannstadt.evang.ro\/ro\/wp-json\/wp\/v2\/pages\/2652\/revisions"}],"predecessor-version":[{"id":8696,"href":"https:\/\/hermannstadt.evang.ro\/ro\/wp-json\/wp\/v2\/pages\/2652\/revisions\/8696"}],"wp:attachment":[{"href":"https:\/\/hermannstadt.evang.ro\/ro\/wp-json\/wp\/v2\/media?parent=2652"}],"curies":[{"name":"wp","href":"https:\/\/api.w.org\/{rel}","templated":true}]}}