{"id":2656,"date":"2020-02-12T09:23:48","date_gmt":"2020-02-12T07:23:48","guid":{"rendered":"https:\/\/hermannstadt.evang.ro\/?page_id=2656"},"modified":"2026-02-17T22:10:24","modified_gmt":"2026-02-17T20:10:24","slug":"cultura-turism","status":"publish","type":"page","link":"https:\/\/hermannstadt.evang.ro\/ro\/cultura-turism\/","title":{"rendered":"Turism &#038; Cultur\u0103"},"content":{"rendered":"<div>Prin renovarea \u0219i punerea \u00een valoare a bisericii parohiale gotice vechi de 700 de ani, parohia noastr\u0103 continu\u0103 o activitate \u00een care latura cultural\u0103 nu poate fi separat\u0103 de cea spiritual\u0103.<\/div>\n<div><\/div>\n<div>Slujbele \u0219i concertele biserice\u0219ti, medita\u021biile de amiaz\u0103,\u00a0 expozi\u021biile din Ferula, dar \u0219i pur \u0219i simplu biserica deschis\u0103 cu lum\u00e2n\u0103rile de rug\u0103ciune, cartea de de oaspe\u021bi \u0219i impresii, precum \u0219i cu ghizii prieteno\u0219i din biseric\u0103 atrag p\u00e2n\u0103 la o mie de oameni \u00een zilele frumoase de var\u0103.<\/div>\n<div>Aici v\u0103 invit\u0103m la un<a href=\"https:\/\/kirchenburgen-siebenbuergen.de\/kirchenburgen\/hermannstadt-sibiu\/\"> tur virtual al bisericii,<\/a> \u00eentr-un moment cu scurt timp \u00eenaintea termin\u0103rii lucr\u0103rilor de renovare din 2022. Mul\u021bumim firmei Topgeocart pentru aceast tur impresionant.<\/div>\n<div><\/div>\n<div><\/div>\n<figure id=\"attachment_2404\" aria-describedby=\"caption-attachment-2404\" style=\"width: 1000px\" class=\"wp-caption aligncenter\"><img loading=\"lazy\" decoding=\"async\" class=\"wp-image-2406 size-full\" src=\"https:\/\/hermannstadt.evang.ro\/wp-content\/uploads\/2020\/01\/va-vedem.jpg\" alt=\"\" width=\"1000\" height=\"562\" srcset=\"https:\/\/hermannstadt.evang.ro\/wp-content\/uploads\/2020\/01\/va-vedem.jpg 1000w, https:\/\/hermannstadt.evang.ro\/wp-content\/uploads\/2020\/01\/va-vedem-300x169.jpg 300w, https:\/\/hermannstadt.evang.ro\/wp-content\/uploads\/2020\/01\/va-vedem-768x432.jpg 768w, https:\/\/hermannstadt.evang.ro\/wp-content\/uploads\/2020\/01\/va-vedem-528x297.jpg 528w\" sizes=\"auto, (max-width: 1000px) 100vw, 1000px\" \/><figcaption id=\"caption-attachment-2404\" class=\"wp-caption-text\">Der Huetplatz ist gelegentlich ein Treffpunkt der Zivilgesellschaft: an 680 Tagen versammelten sich 2018-2019 Menschen zu einer 15-min\u00fctigen Mahnwache gegen Korruption und strafrechtlich Verurteilte in \u00f6ffentlichen \u00c4mtern.<\/figcaption><\/figure>\n","protected":false},"excerpt":{"rendered":"<p>Prin renovarea \u0219i punerea \u00een valoare a bisericii parohiale gotice vechi de 700 de ani, parohia noastr\u0103 continu\u0103 o activitate \u00een care latura cultural\u0103 nu poate fi separat\u0103 de cea spiritual\u0103. Slujbele \u0219i concertele biserice\u0219ti, medita\u021biile de amiaz\u0103,\u00a0 expozi\u021biile din Ferula, dar \u0219i pur \u0219i simplu biserica deschis\u0103 cu lum\u00e2n\u0103rile de rug\u0103ciune, cartea de de [&hellip;]<\/p>\n","protected":false},"author":1,"featured_media":0,"parent":0,"menu_order":0,"comment_status":"closed","ping_status":"closed","template":"","meta":{"footnotes":""},"class_list":["post-2656","page","type-page","status-publish","czr-hentry"],"_links":{"self":[{"href":"https:\/\/hermannstadt.evang.ro\/ro\/wp-json\/wp\/v2\/pages\/2656","targetHints":{"allow":["GET"]}}],"collection":[{"href":"https:\/\/hermannstadt.evang.ro\/ro\/wp-json\/wp\/v2\/pages"}],"about":[{"href":"https:\/\/hermannstadt.evang.ro\/ro\/wp-json\/wp\/v2\/types\/page"}],"author":[{"embeddable":true,"href":"https:\/\/hermannstadt.evang.ro\/ro\/wp-json\/wp\/v2\/users\/1"}],"replies":[{"embeddable":true,"href":"https:\/\/hermannstadt.evang.ro\/ro\/wp-json\/wp\/v2\/comments?post=2656"}],"version-history":[{"count":6,"href":"https:\/\/hermannstadt.evang.ro\/ro\/wp-json\/wp\/v2\/pages\/2656\/revisions"}],"predecessor-version":[{"id":9099,"href":"https:\/\/hermannstadt.evang.ro\/ro\/wp-json\/wp\/v2\/pages\/2656\/revisions\/9099"}],"wp:attachment":[{"href":"https:\/\/hermannstadt.evang.ro\/ro\/wp-json\/wp\/v2\/media?parent=2656"}],"curies":[{"name":"wp","href":"https:\/\/api.w.org\/{rel}","templated":true}]}}