{"id":3910,"date":"2020-04-01T16:44:51","date_gmt":"2020-04-01T13:44:51","guid":{"rendered":"https:\/\/hermannstadt.evang.ro\/?page_id=3910"},"modified":"2024-04-11T11:38:16","modified_gmt":"2024-04-11T08:38:16","slug":"inmormantare","status":"publish","type":"page","link":"https:\/\/hermannstadt.evang.ro\/ro\/ceremonii-bisericiesti\/inmormantare\/","title":{"rendered":"\u00cenmorm\u00e2ntare"},"content":{"rendered":"<p><b><i><img loading=\"lazy\" decoding=\"async\" class=\"size-medium wp-image-2504 alignright\" src=\"https:\/\/hermannstadt.evang.ro\/wp-content\/uploads\/2020\/01\/Beerdigung2-300x233.jpg\" alt=\"\" width=\"300\" height=\"233\" srcset=\"https:\/\/hermannstadt.evang.ro\/wp-content\/uploads\/2020\/01\/Beerdigung2-300x233.jpg 300w, https:\/\/hermannstadt.evang.ro\/wp-content\/uploads\/2020\/01\/Beerdigung2-768x595.jpg 768w, https:\/\/hermannstadt.evang.ro\/wp-content\/uploads\/2020\/01\/Beerdigung2.jpg 1000w\" sizes=\"auto, (max-width: 300px) 100vw, 300px\" \/><\/i><\/b>Dac\u0103 sunte\u021bi afecta\u021bi de moartea unei persoane dragi, v\u0103 putem sprijini \u00een drumul spre \u00eenmorm\u00e2ntare \u0219i dincolo de aceasta. Trebuie clarificate diverse aspecte practice. Cu toate acestea, consilierea spiritual\u0103 \u0219i pastoral\u0103 este cel pu\u021bin la fel de important\u0103, iar dumneavoastr\u0103 pute\u021bi fi inclus \u00een aceasta.<\/p>\n<h3>Cum pute\u021bi s\u0103 proceda\u021bi \u0219i ce trebuie s\u0103 lua\u021bi \u00een considerare?<\/h3>\n<ul>\n<li>Doamna Marianne Stanciu de la biroul parohial v\u0103 va oferi informa\u021biile ini\u021biale de care ave\u021bi nevoie.<br \/>\nDe asemenea, pute\u021bi suna oric\u00e2nd la unul dintre pastorii no\u0219tri. \u00cen principiu, preotul responsabil pentru zona dumneavoastr\u0103 va prelua slujba. \u00cen cazul \u00eenmorm\u00e2nt\u0103rilor din afara parohiei, acest lucru se face \u00een func\u021bie de disponibilitatea pastorilor.<\/li>\n<li>Pe aceast\u0103 pagin\u0103 de internet ve\u021bi g\u0103si toate op\u021biunile de contact<\/li>\n<li>Este de dorit ca mai \u00eent\u00e2i s\u0103 stabili\u021bi cu preotul ziua \u0219i ora \u00eenmorm\u00e2nt\u0103rii.<\/li>\n<li>Apoi face\u021bi programarea la cimitir. Pute\u021bi suna la num\u0103rul de telefon 0040.0269.252.208 sau vizita www.sibiu.ro pentru a face o programare. Cimitirul protestant face parte din cimitirul municipal, care este gestionat de administra\u021bia municipal\u0103.<\/li>\n<li>\u00cen cazul \u00een care este nevoie de clarific\u0103ri cu privire la locul de veci, pute\u021bi ob\u021bine informa\u021bii \u0219i de la biroul parohial. Informa\u021bii suplimentare pot fi g\u0103site pe aceast\u0103 pagin\u0103 de internet la cuv\u00e2ntul cheie &#8222;Cimitir&#8221;.<\/li>\n<li>De obicei, v\u0103 ve\u021bi \u00eent\u00e2lni cu preotul pentru o convorbier de preg\u0103tire, a c\u0103rei dat\u0103 \u0219i loc vor fi stabilite \u00eempreun\u0103. Pe l\u00e2ng\u0103 partea pastoral\u0103 a convorbirii, ar trebui s\u0103 fie rezumat\u0103 \u0219i via\u021ba defunctului. Este posibil ca aceast\u0103 convorbire s\u0103 aib\u0103 loc ca parte a serviciului funerar la sicriu, \u00een timpul priveghiului.<\/li>\n<li>Nu exist\u0103 costuri\u00a0 pentru enoria\u0219ii parohiei noastre. Pentru cei care nu sunt enoria\u0219i, ve\u021bi g\u0103si informa\u021biile necesare la rubrica &#8222;<a href=\"https:\/\/hermannstadt.evang.ro\/ro\/parohie\/contributii-si-taxe\/\">Biroul parohial &#8211; contribu\u021bii \u0219i taxe<\/a>&#8222;.<\/li>\n<li>Rudele enoria\u0219ilor deceda\u021bi care au contribuit \u00een timpul vie\u021bii la fondul de asisten\u021b\u0103 funerar\u0103 pot ob\u021bine acest sprijin de la biroul parohial.<\/li>\n<\/ul>\n<h3>Care este fondul unei \u00eenmorm\u00e2nt\u0103ri cre\u0219tine?<\/h3>\n<p>Cei care \u00ee\u0219i privesc via\u021ba ca pe un dar de la Dumnezeu \u0219tiu c\u0103 vor fi sus\u021binu\u021bi de El p\u00e2n\u0103 la sf\u00e2r\u0219it. Credin\u021ba cre\u0219tin\u0103 recunoa\u0219te c\u0103 fiecare fiin\u021b\u0103 vie este creat\u0103 \u00een mod unic din elementele naturii \u0219i umplut\u0103 cu suflarea de via\u021b\u0103 a lui Dumnezeu. Fire\u0219te, acest lucru se \u00eent\u00e2mpl\u0103 doar pentru o perioad\u0103 limitat\u0103 de timp. La sf\u00e2r\u0219itul termenului limit\u0103 al existen\u021bei noastre aici, pe acest p\u0103m\u00e2nt, trupul lipsit de via\u021b\u0103 se \u00eentoarce \u00een natur\u0103 \u0219i se dezintegreaz\u0103 \u00een elementele sale originale.<\/p>\n<p>&#8222;C\u0103ci \u021b\u0103r\u00e2n\u0103 e\u0219ti \u0219i \u00een \u021b\u0103r\u00e2n\u0103 te vei \u00eentoarce&#8221; (Geneza 11:29), ne spune Biblia.\u00a0 \u021ain\u00e2nd cont de acest lucru, \u00eei \u00eentoarcem pe deceda\u021bii no\u0219tri \u00een p\u0103m\u00e2ntul din care au fost lua\u021bi \u0219i \u00eei \u00eengrop\u0103m. \u00cenmorm\u00e2ntarea \u00een morminte de beton este str\u0103in\u0103 de \u00een\u021belegerea noastr\u0103.<\/p>\n<blockquote>\n<h3><span style=\"font-weight: 400;\">Jesus Christus spricht:<\/span> <span style=\"font-weight: 400;\">\u201e<\/span><b>Ich bin die Auferstehung und das Leben. Wer an mich glaubt, der wird leben, ob er gleich st\u00fcrbe.\u201c <\/b><span style=\"font-weight: 400;\">(Johannes 11, 25)<\/span><\/h3>\n<\/blockquote>\n<p>\u00cenc\u0103 de la \u00eenceput, comunitatea cre\u0219tin\u0103 a fost o comunitate a celor care sper\u0103 dincolo de moarte. Aceast\u0103 sarcin\u0103 o are \u0219i congrega\u021bia noastr\u0103 protestant\u0103 din Sibiu. \u00cen ea, membrii congrega\u021biei \u0219tiu c\u0103 sunt sus\u021binu\u021bi \u00een credin\u021ba lor \u0219i \u00een comunitate, at\u00e2t \u00een momentele dificile, c\u00e2t \u0219i \u00een cele bune.<\/p>\n","protected":false},"excerpt":{"rendered":"<p>Dac\u0103 sunte\u021bi afecta\u021bi de moartea unei persoane dragi, v\u0103 putem sprijini \u00een drumul spre \u00eenmorm\u00e2ntare \u0219i dincolo de aceasta. Trebuie clarificate diverse aspecte practice. Cu toate acestea, consilierea spiritual\u0103 \u0219i pastoral\u0103 este cel pu\u021bin la fel de important\u0103, iar dumneavoastr\u0103 pute\u021bi fi inclus \u00een aceasta. Cum pute\u021bi s\u0103 proceda\u021bi \u0219i ce trebuie s\u0103 lua\u021bi \u00een [&hellip;]<\/p>\n","protected":false},"author":2,"featured_media":0,"parent":2649,"menu_order":0,"comment_status":"closed","ping_status":"closed","template":"","meta":{"footnotes":""},"class_list":["post-3910","page","type-page","status-publish","czr-hentry"],"_links":{"self":[{"href":"https:\/\/hermannstadt.evang.ro\/ro\/wp-json\/wp\/v2\/pages\/3910","targetHints":{"allow":["GET"]}}],"collection":[{"href":"https:\/\/hermannstadt.evang.ro\/ro\/wp-json\/wp\/v2\/pages"}],"about":[{"href":"https:\/\/hermannstadt.evang.ro\/ro\/wp-json\/wp\/v2\/types\/page"}],"author":[{"embeddable":true,"href":"https:\/\/hermannstadt.evang.ro\/ro\/wp-json\/wp\/v2\/users\/2"}],"replies":[{"embeddable":true,"href":"https:\/\/hermannstadt.evang.ro\/ro\/wp-json\/wp\/v2\/comments?post=3910"}],"version-history":[{"count":8,"href":"https:\/\/hermannstadt.evang.ro\/ro\/wp-json\/wp\/v2\/pages\/3910\/revisions"}],"predecessor-version":[{"id":7970,"href":"https:\/\/hermannstadt.evang.ro\/ro\/wp-json\/wp\/v2\/pages\/3910\/revisions\/7970"}],"up":[{"embeddable":true,"href":"https:\/\/hermannstadt.evang.ro\/ro\/wp-json\/wp\/v2\/pages\/2649"}],"wp:attachment":[{"href":"https:\/\/hermannstadt.evang.ro\/ro\/wp-json\/wp\/v2\/media?parent=3910"}],"curies":[{"name":"wp","href":"https:\/\/api.w.org\/{rel}","templated":true}]}}