{"id":3915,"date":"2020-04-01T16:48:52","date_gmt":"2020-04-01T13:48:52","guid":{"rendered":"https:\/\/hermannstadt.evang.ro\/?page_id=3915"},"modified":"2020-11-08T21:18:44","modified_gmt":"2020-11-08T19:18:44","slug":"cununie","status":"publish","type":"page","link":"https:\/\/hermannstadt.evang.ro\/ro\/ceremonii-bisericiesti\/cununie\/","title":{"rendered":"Cununie"},"content":{"rendered":"<h2><img decoding=\"async\" class=\"alignright wp-image-2334\" src=\"https:\/\/hermannstadt.evang.ro\/wp-content\/uploads\/2020\/01\/Trauung-1.jpg\" alt=\"\" width=\"259\" srcset=\"https:\/\/hermannstadt.evang.ro\/wp-content\/uploads\/2020\/01\/Trauung-1.jpg 500w, https:\/\/hermannstadt.evang.ro\/wp-content\/uploads\/2020\/01\/Trauung-1-171x300.jpg 171w\" sizes=\"(max-width: 500px) 100vw, 500px\" \/>Cununia religioas\u0103<\/h2>\n<p>\u00cen Sibiu po\u021bi fi cununat de un preot evanghelic \u00een Biserica Evanghelic\u0103 din Pia\u021ba Huet sau \u00een Biserica &#8222;Sf. Ioan\u201d din Sibiu, de pe strada Mitropoliei 30, l\u00e2ng\u0103 parcul Astra.<\/p>\n<p><b>\u00cen principiu<\/b><span style=\"font-weight: 400;\">:\u00a0 <\/span><span style=\"font-weight: 400;\"><br \/>\n<\/span>Conform credin\u0163ei evanghelice, nunta este un act de binecuv\u00e2ntare. Dup\u0103 cununia civil\u0103 oamenii se pot cununa \u015fi religios \u00een Biserica Evanghelic\u0103.\u00a0Doi oameni care \u00ee\u015fi promit loialitate primesc binecuv\u00e2ntarea lui Dumnezeu, pentru via\u021ba lor \u00eempreun\u0103, de acum \u00eencolo.<\/p>\n<p><b>Apartenen\u021b\u0103 la diferite confesiuni<\/b><span style=\"font-weight: 400;\">: <\/span><span style=\"font-weight: 400;\"><br \/>\n<\/span><span style=\"font-weight: 400;\">Pentru a putea fi cununat \u00een Biserica noastr\u0103, adic\u0103 \u00een confesiunea evanghelic\u0103, este necesar ca cel pu\u0163in unul s\u0103 apar\u0163in\u0103 confesiunii evanghelice. Dac\u0103 unul din parteneri apar\u0163ine confesiunii evanghelice \u0219i cel\u0103lalt unei alte confesiuni, de ex. Ortodox rom\u00e2n, se poate oficializa o slujb\u0103 conform ritului evanghelic. Este posibil\u0103 \u0219i o cununie religioas\u0103 evanghelic\u0103 cu participarea unui preot ortodox sau o cununie religioas\u0103 ortodox\u0103 cu participarea unui preot evanghelic. Astfel pe drumul dvs spre c\u0103s\u0103torie v\u0103 poate \u00eenso\u0163i un preot evanghelic \u0219i un preot de alt\u0103 confesiune, fiecare din cei doi c\u0103s\u0103tori\u021bi p\u0103str\u00e2ndu-\u0219i confesiunea religioas\u0103.<\/span><span style=\"font-weight: 400;\"><br \/>\n<\/span><span style=\"font-weight: 400;\"><br \/>\n<\/span><b>Preg\u0103tire<\/b><span style=\"font-weight: 400;\">\u00a0\u00a0<\/span><span style=\"font-weight: 400;\"><br \/>\n<\/span><\/p>\n<p>Cu 2,3 s\u0103pt\u0103m\u00e2ni \u00eenainte de cununie, are loc o \u00eent\u00e2lnire cu preotul care v\u0103 va cununa. La aceast\u0103 \u00eent\u00e2lnire ve\u0163i discuta cursul cununiei religioase. Acest lucru este important pentru ca preotul s\u0103 cunoasc\u0103 perechea pe care o va cununa, povestea lor, hobby-urile lor etc. Doar \u00een acest mod se poate crea o ceremonie care are \u00een vedere particularit\u0103\u021bile fiec\u0103ruia. De asemenea pot fi discutate \u015fi alte \u00eentreb\u0103ri:\u00a0 Ce dorin\u021be muzicale ave\u021bi \u0219i ce melodii a\u0163i dorii s\u0103 fie c\u00e2ntate? Cum pute\u0163i ajuta activ la crearea slujbei religioase. Ce rol au na\u015fii? Cum poate fi \u00eempodobit\u0103 biserica? C\u00e2teodat\u0103, dup\u0103 ce s-au sf\u0103tuit cu preotul, mirii preg\u0103tesc o foaie cu c\u00e2ntece \u015fi o aduc \u00een suficiente exemplare la slujba religioas\u0103 de cununie.<\/p>\n<p><strong>Foto &amp; video:\u00a0<\/strong> \u00cen ceea ce prive\u015fte <strong>fotografierea<\/strong>, \u00een timpul slujbei religioase de cununie, v\u0103 rug\u0103m s\u0103 stabili\u0163i o persoan\u0103 care va face poze de la o distan\u0163a rezonabil\u0103 \u015fi f\u0103r\u0103 bli\u0163 sau lumini suplimetare. Sunte\u021bi bineveni\u0163i s\u0103 face\u021bi o poz\u0103 de grup cu mirii dup\u0103 ceremonia de cununie. Filmarea cununiei \u00a0este posibil\u0103 dintr-un loc fix \u015fi de c\u0103tre o singur\u0103 persoan\u0103.<\/p>\n<p><strong>Flori &amp; decor:<\/strong> \u00cen mod tradi\u021bional, na\u0219ii sunt responsabili pentru aranjamentele florale de pe altar; Aceast\u0103 sarcin\u0103 o poate prelua \u0219i o flor\u0103rie local\u0103 \u00een consultare cu paraclisierul nostru. De obicei, florile r\u0103m\u00e2n pe altar pentru slujba de duminica urm\u0103toare.<\/p>\n<p><strong>Costuri<\/strong>:\u00a0 Nu exist\u0103 costuri pentru cununia membrilor comunit\u0103\u0163ii noastre.<br \/>\nRug\u0103m cuplurile, care apar\u021bin unei alte parohii a bisericii noastre, s\u0103 contribuie cu suma de 100 de lei. \u00cen aceast\u0103 sum\u0103 este inclus\u0103 taxa pentru paraclisier.<br \/>\nPentru cuplurile str\u0103ine taxa este de 150 de euro. Aceasta include deja costurile pentru paraclisier.<br \/>\nCuplurile str\u0103ine sunt rugate s\u0103-\u0219i aduc\u0103 preotul local \u0219i organistul la slujba religioas\u0103 de cununie.<br \/>\nLa ie\u0219ire se cere o colect\u0103 &#8211; la fel ca la fiecare slujb\u0103. De asemenea ne-ar bucura daca dori\u0163i, ca pereche, s\u0103 face\u0163i o dona\u0163ie ptr comunitatea bisericeasc\u0103.<\/p>\n<p><b>Documente necesare pentru cununia evanghelic\u0103<\/b><\/p>\n<ol>\n<li>Certificatele de botez ale mirilor, dac\u0103 sunt boteza\u0163i- unul din miri trebuie s\u0103 fie evanghelic<\/li>\n<li>Certificate de na\u015ftere<\/li>\n<li>Certificatul de c\u0103s\u0103torie de la starea civil\u0103<\/li>\n<li>Pentru partenerul, care provine dintr-o alt\u0103 comunitate bisericeasc\u0103, este necesar\u0103 o \u201cDimissoriale\u201d, o aprobare a propiei parohii, astfel \u00eenc\u00e2t cununia s\u0103 poat\u0103 s\u0103 aib\u0103 loc \u00een Sibiu<\/li>\n<li>Na\u015fii nu trebuie s\u0103 aduc\u0103 documente<\/li>\n<\/ol>\n","protected":false},"excerpt":{"rendered":"<p>Cununia religioas\u0103 \u00cen Sibiu po\u021bi fi cununat de un preot evanghelic \u00een Biserica Evanghelic\u0103 din Pia\u021ba Huet sau \u00een Biserica &#8222;Sf. Ioan\u201d din Sibiu, de pe strada Mitropoliei 30, l\u00e2ng\u0103 parcul Astra. \u00cen principiu:\u00a0 Conform credin\u0163ei evanghelice, nunta este un act de binecuv\u00e2ntare. Dup\u0103 cununia civil\u0103 oamenii se pot cununa \u015fi religios \u00een Biserica Evanghelic\u0103.\u00a0Doi [&hellip;]<\/p>\n","protected":false},"author":2,"featured_media":0,"parent":2649,"menu_order":0,"comment_status":"closed","ping_status":"closed","template":"","meta":{"footnotes":""},"class_list":["post-3915","page","type-page","status-publish","czr-hentry"],"_links":{"self":[{"href":"https:\/\/hermannstadt.evang.ro\/ro\/wp-json\/wp\/v2\/pages\/3915","targetHints":{"allow":["GET"]}}],"collection":[{"href":"https:\/\/hermannstadt.evang.ro\/ro\/wp-json\/wp\/v2\/pages"}],"about":[{"href":"https:\/\/hermannstadt.evang.ro\/ro\/wp-json\/wp\/v2\/types\/page"}],"author":[{"embeddable":true,"href":"https:\/\/hermannstadt.evang.ro\/ro\/wp-json\/wp\/v2\/users\/2"}],"replies":[{"embeddable":true,"href":"https:\/\/hermannstadt.evang.ro\/ro\/wp-json\/wp\/v2\/comments?post=3915"}],"version-history":[{"count":6,"href":"https:\/\/hermannstadt.evang.ro\/ro\/wp-json\/wp\/v2\/pages\/3915\/revisions"}],"predecessor-version":[{"id":5143,"href":"https:\/\/hermannstadt.evang.ro\/ro\/wp-json\/wp\/v2\/pages\/3915\/revisions\/5143"}],"up":[{"embeddable":true,"href":"https:\/\/hermannstadt.evang.ro\/ro\/wp-json\/wp\/v2\/pages\/2649"}],"wp:attachment":[{"href":"https:\/\/hermannstadt.evang.ro\/ro\/wp-json\/wp\/v2\/media?parent=3915"}],"curies":[{"name":"wp","href":"https:\/\/api.w.org\/{rel}","templated":true}]}}