{"id":3937,"date":"2020-04-01T22:20:31","date_gmt":"2020-04-01T19:20:31","guid":{"rendered":"https:\/\/hermannstadt.evang.ro\/?page_id=3937"},"modified":"2024-04-20T14:09:28","modified_gmt":"2024-04-20T11:09:28","slug":"consiliul-de-conducere","status":"publish","type":"page","link":"https:\/\/hermannstadt.evang.ro\/ro\/parohie\/consiliul-de-conducere\/","title":{"rendered":"Consiliul de conducere"},"content":{"rendered":"<h2>Epitrop &#8211;\u00a0 Kuratorin<\/h2>\n<figure id=\"attachment_1446\" class=\"wp-caption alignright\" aria-describedby=\"caption-attachment-1446\"><img loading=\"lazy\" decoding=\"async\" class=\"wp-image-1446 \" src=\"https:\/\/hermannstadt.evang.ro\/wp-content\/uploads\/2020\/03\/EVKH-JAM-PO128@2x.jpg\" alt=\"\" width=\"121\" height=\"182\" \/><figcaption id=\"caption-attachment-1446\" class=\"wp-caption-text\">Prof. Ilse Philippi<\/figcaption><\/figure>\n<p>lse Philippi a fost aleas\u0103 pentru a doua oar\u0103 ca epitrop al comunit\u0103\u021bii noastre biserice\u0219ti \u00een noiembrie 2017. \u00cen 2021, Ilse Philippi a fost aleas\u0103 de consiliul parohial pentru un nou mandat de epitrop &#8211; curator.<\/p>\n<p>La data de 1 ianuarie 2023, comunitatea noastr\u0103 parohial\u0103 avea 755 enoria\u0219i \u00een Sibiu, 31 \u00een Hammersdorf \u0219i 9 \u00een Schellenberg.<\/p>\n<p>Din ianuarie 2016, unele parohii din valea inferioar\u0103 a H\u00e2rtibaciului vor fi deservite \u0219i de asocia\u021bia noastr\u0103 parohial\u0103: Vurp\u0103r, Ro\u0219ia, Daia, Ca\u0219ol\u021b, Nou \u0219i Hosman.<\/p>\n<h2>Consilii de conducere<\/h2>\n<h3>Prezbiteriu<\/h3>\n<p>Prezbiteriul are grija pentru via\u021ba \u0219i activitatea parohiei noastre. Se asigur\u0103 c\u0103 planul slujbelor \u0219i de \u00eengrijire r\u0103spunde nevoilor parohiei \u0219i este respectat; se asigur\u0103 c\u0103 tradi\u021biile sunt p\u0103strate \u0219i preg\u0103te\u0219te propuneri pentru reorganizarea vie\u021bii de cult; decide asupra cererilor de admitere \u00een parohie; particip\u0103 la examenul de confirmare \u0219i la confirmare; supravegheaz\u0103 activit\u0103\u021bile sociale din parohie; alege angaja\u021bii parohiei \u0219i este responsabil de alariile acestora; este responsabil de administrarea general\u0103 a bunurilor parohiei; decide convocarea consiliului l\u0103rgit parohial \u0219i a adun\u0103rii parohiale \u0219i preg\u0103te\u0219te cererile scrise adresate acestora, pune \u00een aplicare hot\u0103r\u00e2rile consiliului parohial \u0219i prezint\u0103 raportul anual consiliului parohial;<\/p>\n<p>&nbsp;<\/p>\n<p><a href=\"https:\/\/hermannstadt.evang.ro\/wp-content\/uploads\/2022\/02\/Presbyter2021-e1645883946226.jpg\" data-lb-type=\"grouped-post\"><img loading=\"lazy\" decoding=\"async\" class=\"alignleft wp-image-6919 size-full\" src=\"https:\/\/hermannstadt.evang.ro\/wp-content\/uploads\/2022\/02\/Presbyter2021-e1645883946226.jpg\" sizes=\"auto, (max-width: 998px) 100vw, 998px\" srcset=\"https:\/\/hermannstadt.evang.ro\/wp-content\/uploads\/2022\/02\/Presbyter2021-e1645883946226.jpg 998w, https:\/\/hermannstadt.evang.ro\/wp-content\/uploads\/2022\/02\/Presbyter2021-e1645883946226-300x115.jpg 300w, https:\/\/hermannstadt.evang.ro\/wp-content\/uploads\/2022\/02\/Presbyter2021-e1645883946226-768x296.jpg 768w\" alt=\"\" width=\"998\" height=\"384\" \/><\/a><\/p>\n<p>Dem Presbyterium (Kirchenrat) unserer Kirchengemeinde geh\u00f6ren folgende Personen an:\u00a0 Wieland K\u00f6ber, Holger Lux, C\u0103t\u0103lin Mure\u0219an und\u00a0Elisabeth Rusu-Auner\u00a0(Mandat bis 2025); Christine S\u0103vescu, Anita Pavel und Erika Scherer (Mandat bis 2027).<\/p>\n<figure id=\"attachment_6898\" class=\"wp-caption aligncenter\" aria-describedby=\"caption-attachment-6898\"><a href=\"https:\/\/hermannstadt.evang.ro\/wp-content\/uploads\/2022\/01\/Presbyterialsitzung-Leitungsrat-Gemeindeverband-2022.jpg\" data-lb-type=\"grouped-post\"><img loading=\"lazy\" decoding=\"async\" class=\"wp-image-6898 size-full\" src=\"https:\/\/hermannstadt.evang.ro\/wp-content\/uploads\/2022\/01\/Presbyterialsitzung-Leitungsrat-Gemeindeverband-2022@2x.jpg\" sizes=\"auto, (max-width: 1024px) 100vw, 1024px\" srcset=\"https:\/\/hermannstadt.evang.ro\/wp-content\/uploads\/2022\/01\/Presbyterialsitzung-Leitungsrat-Gemeindeverband-2022.jpg 1024w, https:\/\/hermannstadt.evang.ro\/wp-content\/uploads\/2022\/01\/Presbyterialsitzung-Leitungsrat-Gemeindeverband-2022-300x225.jpg 300w, https:\/\/hermannstadt.evang.ro\/wp-content\/uploads\/2022\/01\/Presbyterialsitzung-Leitungsrat-Gemeindeverband-2022-768x576.jpg 768w\" alt=\"\" width=\"825\" height=\"619\" \/><\/a><figcaption id=\"caption-attachment-6898\" class=\"wp-caption-text\">Dup\u0103 pandemie, unele \u0219edin\u021be se pot desf\u0103\u0219ura \u0219i online .\u00a0<\/figcaption><\/figure>\n<p>&nbsp;<\/p>\n<figure id=\"attachment_7348\" class=\"wp-caption aligncenter\" aria-describedby=\"caption-attachment-7348\"><a href=\"https:\/\/hermannstadt.evang.ro\/wp-content\/uploads\/2023\/01\/Paramente-Ziegler-web.jpg\" data-lb-type=\"grouped-post\"><img loading=\"lazy\" decoding=\"async\" class=\"wp-image-7348 size-large\" src=\"https:\/\/hermannstadt.evang.ro\/wp-content\/uploads\/2023\/01\/Paramente-Ziegler-web-1024x576@2x.jpg\" sizes=\"auto, (max-width: 1024px) 100vw, 1024px\" srcset=\"https:\/\/hermannstadt.evang.ro\/wp-content\/uploads\/2023\/01\/Paramente-Ziegler-web-1024x576.jpg 1024w, https:\/\/hermannstadt.evang.ro\/wp-content\/uploads\/2023\/01\/Paramente-Ziegler-web-300x169.jpg 300w, https:\/\/hermannstadt.evang.ro\/wp-content\/uploads\/2023\/01\/Paramente-Ziegler-web-768x432.jpg 768w, https:\/\/hermannstadt.evang.ro\/wp-content\/uploads\/2023\/01\/Paramente-Ziegler-web-1110x624.jpg 1110w, https:\/\/hermannstadt.evang.ro\/wp-content\/uploads\/2023\/01\/Paramente-Ziegler-web-528x297.jpg 528w, https:\/\/hermannstadt.evang.ro\/wp-content\/uploads\/2023\/01\/Paramente-Ziegler-web.jpg 1200w\" alt=\"\" width=\"540\" height=\"304\" \/><\/a><figcaption id=\"caption-attachment-7348\" class=\"wp-caption-text\">Dr. Agnes Ziegler de la biserica neagr\u0103 din Bra\u0219ov prezint\u0103 prezbiterilor paramentele *textilele*\u00a0 istorice \u0219i verific\u0103 starea lor de conservare.<\/figcaption><\/figure>\n<h3>Consiliul parohial l\u0103rgit \/ Gemeindevertretung<\/h3>\n<p>Consiliul parohial este responsabil de via\u021ba liturgic\u0103 \u0219i de luarea deciziilor privind reorganizarea vie\u021bii de cult, alege preo\u021bii, administratorii \u0219i prezbiteriul, prime\u0219te raportul prezbiteriului \u0219i decide asupra mo\u021biunilor preg\u0103tite de prezbiteriu \u0219i asupra mo\u021biunilor din r\u00e2ndurile sale, decide asupra administr\u0103rii bunurilor parohiei, a bugetului \u0219i a contribu\u021biilor biserice\u0219ti \u0219i este responsabil de reprezentarea judiciar\u0103 \u0219i extrajudiciar\u0103 a parohiei.<\/p>\n<p>Membri:<\/p>\n<p>Dorothea Binder, Ortrun Rhein, J\u00fcrg Leutert, Magdalena Binder-Moss, Christine Manta-Klemens, Elisa Gunesch, Henriette Guib, Gerhild Rudolf, Bianke Grecu, Klaus Philippi\u00a0 (bis 2025); Beatrice Ungar, Elke Dengel, Hans J\u00fcrgen Binder, Winfried Ziegler, Hildegard Dahinten, Anneliese Heltmann, Wolfgang Guib, Sigrid Pinter, Alexandra Stanciu und Manuela Vrancea\u00a0 \u00a0(bis 2027)<\/p>\n<h3>Kirchenordnung<\/h3>\n<p>Einen Blick in die aktuelle Kircheordnung k\u00f6nnen Sie<a href=\"https:\/\/hermannstadt.evang.ro\/wp-content\/uploads\/2019\/07\/Kirchenordnung_KO_Internetversion.pdf\">\u00a0hier\u00a0<\/a>werfen.<br \/>\nZu Gemeindevertretung siehe besonders \u00a7 41 \u2013 49, zu Presbyterium und Kurator besonders \u00a7 50 \u2013 59.<\/p>\n","protected":false},"excerpt":{"rendered":"<p>Epitrop &#8211;\u00a0 Kuratorin Prof. Ilse Philippi lse Philippi a fost aleas\u0103 pentru a doua oar\u0103 ca epitrop al comunit\u0103\u021bii noastre biserice\u0219ti \u00een noiembrie 2017. \u00cen 2021, Ilse Philippi a fost aleas\u0103 de consiliul parohial pentru un nou mandat de epitrop &#8211; curator. La data de 1 ianuarie 2023, comunitatea noastr\u0103 parohial\u0103 avea 755 enoria\u0219i \u00een [&hellip;]<\/p>\n","protected":false},"author":2,"featured_media":0,"parent":2648,"menu_order":0,"comment_status":"closed","ping_status":"closed","template":"","meta":{"footnotes":""},"class_list":["post-3937","page","type-page","status-publish","czr-hentry"],"_links":{"self":[{"href":"https:\/\/hermannstadt.evang.ro\/ro\/wp-json\/wp\/v2\/pages\/3937","targetHints":{"allow":["GET"]}}],"collection":[{"href":"https:\/\/hermannstadt.evang.ro\/ro\/wp-json\/wp\/v2\/pages"}],"about":[{"href":"https:\/\/hermannstadt.evang.ro\/ro\/wp-json\/wp\/v2\/types\/page"}],"author":[{"embeddable":true,"href":"https:\/\/hermannstadt.evang.ro\/ro\/wp-json\/wp\/v2\/users\/2"}],"replies":[{"embeddable":true,"href":"https:\/\/hermannstadt.evang.ro\/ro\/wp-json\/wp\/v2\/comments?post=3937"}],"version-history":[{"count":4,"href":"https:\/\/hermannstadt.evang.ro\/ro\/wp-json\/wp\/v2\/pages\/3937\/revisions"}],"predecessor-version":[{"id":7989,"href":"https:\/\/hermannstadt.evang.ro\/ro\/wp-json\/wp\/v2\/pages\/3937\/revisions\/7989"}],"up":[{"embeddable":true,"href":"https:\/\/hermannstadt.evang.ro\/ro\/wp-json\/wp\/v2\/pages\/2648"}],"wp:attachment":[{"href":"https:\/\/hermannstadt.evang.ro\/ro\/wp-json\/wp\/v2\/media?parent=3937"}],"curies":[{"name":"wp","href":"https:\/\/api.w.org\/{rel}","templated":true}]}}