{"id":3943,"date":"2020-04-01T22:22:33","date_gmt":"2020-04-01T19:22:33","guid":{"rendered":"https:\/\/hermannstadt.evang.ro\/?page_id=3943"},"modified":"2024-04-20T14:13:54","modified_gmt":"2024-04-20T11:13:54","slug":"asocierea-de-parohii","status":"publish","type":"page","link":"https:\/\/hermannstadt.evang.ro\/ro\/parohie\/asocierea-de-parohii\/","title":{"rendered":"Asocierea de parohii"},"content":{"rendered":"<p><img loading=\"lazy\" decoding=\"async\" class=\"wp-image-2352 alignright\" src=\"https:\/\/hermannstadt.evang.ro\/wp-content\/uploads\/2020\/01\/HermannstadtSchellenberg-Googlemaps.jpg\" alt=\"\" width=\"446\" height=\"360\" srcset=\"https:\/\/hermannstadt.evang.ro\/wp-content\/uploads\/2020\/01\/HermannstadtSchellenberg-Googlemaps.jpg 813w, https:\/\/hermannstadt.evang.ro\/wp-content\/uploads\/2020\/01\/HermannstadtSchellenberg-Googlemaps-300x242.jpg 300w, https:\/\/hermannstadt.evang.ro\/wp-content\/uploads\/2020\/01\/HermannstadtSchellenberg-Googlemaps-768x619.jpg 768w\" sizes=\"auto, (max-width: 446px) 100vw, 446px\" \/><\/p>\n<p><span>Parohia Sibiu (880 de enoria\u0219i) formeaz\u0103 o asocia\u021bie parohial\u0103 cu . Gu\u0219teri\u021ba, 34 de membri \u0219i\u00a0 \u0218elimb\u0103r, 10 membri, care se afl\u0103 la periferia Sibiului, par\u021bial \u00een limitele ora\u0219ului.<\/span><\/p>\n<p><span>\u00cen anul 2006, parohiile Gu\u0219teri\u021ba \u0219i \u0218elimb\u0103r- p\u00e2n\u0103 atunci parohii din diaspora &#8211; au fost atribuite de districtul bisericesc parohiei Sibiu, adic\u0103 grija a fost preluat\u0103 de preo\u021bii din Sibiu, iar organele de conducere ale parohiei Sibiu au fost \u00eemputernicite s\u0103 ia decizii pentru \u0219i \u00een numele parohiilor<\/span><\/p>\n<p><span>Dup\u0103 ce perioada de prob\u0103 de 5 ani s-a dovedit pozitiv\u0103, comitetele tuturor parohiilor participante au decis s\u0103 fuzioneze \u00eentr-o asocia\u021bie parohial\u0103 \u00een 2012, la propunerea districtului bisericesc. Propriet\u0103\u021bile biserice\u0219ti din jurul bisericii\u00a0 nu au mai fost \u00eenchiriate unor ter\u021bi, ci au fost folosite pentru activitatea bisericeasc\u0103: \u00een Gu\u0219teri\u021ba, un centru comunitar cu accent pe mediu \u0219i educa\u021bie a fost dezvoltat \u00een diferite etape sub numele &#8222;Gr\u00fcne Kirchenburg&#8221;; \u00een \u0218elimb\u0103r, a fost stabilit\u0103 o gospod\u0103rie social\u0103 cu &#8222;Diakoniehof Schellenberg&#8221;.<\/span><\/p>\n","protected":false},"excerpt":{"rendered":"<p>Parohia Sibiu (880 de enoria\u0219i) formeaz\u0103 o asocia\u021bie parohial\u0103 cu . Gu\u0219teri\u021ba, 34 de membri \u0219i\u00a0 \u0218elimb\u0103r, 10 membri, care se afl\u0103 la periferia Sibiului, par\u021bial \u00een limitele ora\u0219ului. \u00cen anul 2006, parohiile Gu\u0219teri\u021ba \u0219i \u0218elimb\u0103r- p\u00e2n\u0103 atunci parohii din diaspora &#8211; au fost atribuite de districtul bisericesc parohiei Sibiu, adic\u0103 grija a fost preluat\u0103 [&hellip;]<\/p>\n","protected":false},"author":2,"featured_media":0,"parent":2648,"menu_order":0,"comment_status":"closed","ping_status":"closed","template":"","meta":{"footnotes":""},"class_list":["post-3943","page","type-page","status-publish","czr-hentry"],"_links":{"self":[{"href":"https:\/\/hermannstadt.evang.ro\/ro\/wp-json\/wp\/v2\/pages\/3943","targetHints":{"allow":["GET"]}}],"collection":[{"href":"https:\/\/hermannstadt.evang.ro\/ro\/wp-json\/wp\/v2\/pages"}],"about":[{"href":"https:\/\/hermannstadt.evang.ro\/ro\/wp-json\/wp\/v2\/types\/page"}],"author":[{"embeddable":true,"href":"https:\/\/hermannstadt.evang.ro\/ro\/wp-json\/wp\/v2\/users\/2"}],"replies":[{"embeddable":true,"href":"https:\/\/hermannstadt.evang.ro\/ro\/wp-json\/wp\/v2\/comments?post=3943"}],"version-history":[{"count":4,"href":"https:\/\/hermannstadt.evang.ro\/ro\/wp-json\/wp\/v2\/pages\/3943\/revisions"}],"predecessor-version":[{"id":7991,"href":"https:\/\/hermannstadt.evang.ro\/ro\/wp-json\/wp\/v2\/pages\/3943\/revisions\/7991"}],"up":[{"embeddable":true,"href":"https:\/\/hermannstadt.evang.ro\/ro\/wp-json\/wp\/v2\/pages\/2648"}],"wp:attachment":[{"href":"https:\/\/hermannstadt.evang.ro\/ro\/wp-json\/wp\/v2\/media?parent=3943"}],"curies":[{"name":"wp","href":"https:\/\/api.w.org\/{rel}","templated":true}]}}