{"id":3946,"date":"2020-04-01T22:23:37","date_gmt":"2020-04-01T19:23:37","guid":{"rendered":"https:\/\/hermannstadt.evang.ro\/?page_id=3946"},"modified":"2020-04-01T22:23:37","modified_gmt":"2020-04-01T19:23:37","slug":"centrul-parohial-gusterita","status":"publish","type":"page","link":"https:\/\/hermannstadt.evang.ro\/ro\/parohie\/centrul-parohial-gusterita\/","title":{"rendered":"Centrul parohial Gu\u0219teri\u021ba"},"content":{"rendered":"<p>Die Kirchenburg Hammersdorf ist seit 2009 in einem Entwicklungsproze\u00df hin zu einem \u00a0Gemeindezentrum der des Verbandes der Evangelischen Kirchengemeinden Hermannstadt-Hammersdorf-Schellenberg mit dem Schwerpunkt Umwelt, Bildung und Spiritualit\u00e4t.<\/p>\n<h3>Gemeindearbeit<\/h3>\n<p>Sie bietet vielf\u00e4ltige R\u00e4ume f\u00fcr die Gemeindearbeit der Kirchengemeinden, gesellschaftliche Schutzr\u00e4ume \u00a0jenseits der Profitmaximierung , Lernorte f\u00fcr eine nachhaltige Lebensweise, Orte des ehrenamtlichen Engagements von Gruppen und Gemeindeglieder, des Einsatzes f\u00fcr das Gemeinwohl.<\/p>\n<h3 class=\"bodytext\">G\u00e4ste<\/h3>\n<p>Die G\u00e4steappartments werden f\u00fcr G\u00e4ste der Kirche rund um den Obstgarten im Pfarrhof hergerichtet. Sie bieten einen h\u00f6heren Standard als der \u00fcbliche der Gemeindeg\u00e4stezimmer, in einem sch\u00f6nen und ruhigen Ambiente. Gelegentlich kann man einen &#8222;Transilvanian Brunch&#8221; hier erleben, oder einfach einfach ein sch\u00f6nes Essen aus den Ertr\u00e4gen des Gartens.<\/p>\n<h3>G\u00e4rten<\/h3>\n<p>Unser Schwerpunkt liegt auf \u00f6kologischem Gartenbau, sowie einem Bereich als Meditationsgarten und dar\u00fcber hinaus gibt es Kino im Garten, Kr\u00e4uterwanderungen und Gartentage. Bald wird eine K\u00fcche f\u00fcr Kochkurse oder auch f\u00fcr gemeinschaftliches Kochen bereitstehen.<\/p>\n<p>&nbsp;<\/p>\n<p><a href=\"https:\/\/hermannstadt.evang.ro\/wp-content\/uploads\/2020\/01\/Group-2-DSCF8058_59_60_DSCF8064_5_6-3-images.jpg\"><img loading=\"lazy\" decoding=\"async\" class=\"aligncenter wp-image-2462 size-full\" src=\"https:\/\/hermannstadt.evang.ro\/wp-content\/uploads\/2020\/01\/Group-2-DSCF8058_59_60_DSCF8064_5_6-3-images.jpg\" alt=\"\" width=\"1000\" height=\"320\" srcset=\"https:\/\/hermannstadt.evang.ro\/wp-content\/uploads\/2020\/01\/Group-2-DSCF8058_59_60_DSCF8064_5_6-3-images.jpg 1000w, https:\/\/hermannstadt.evang.ro\/wp-content\/uploads\/2020\/01\/Group-2-DSCF8058_59_60_DSCF8064_5_6-3-images-300x96.jpg 300w, https:\/\/hermannstadt.evang.ro\/wp-content\/uploads\/2020\/01\/Group-2-DSCF8058_59_60_DSCF8064_5_6-3-images-768x246.jpg 768w\" sizes=\"auto, (max-width: 1000px) 100vw, 1000px\" \/><\/a><a href=\"https:\/\/gusteritaverde.evang.ro\/\" target=\"_blank\" rel=\"noopener noreferrer\">gusteritaverde.evang.ro<\/a><\/p>\n","protected":false},"excerpt":{"rendered":"<p>Die Kirchenburg Hammersdorf ist seit 2009 in einem Entwicklungsproze\u00df hin zu einem \u00a0Gemeindezentrum der des Verbandes der Evangelischen Kirchengemeinden Hermannstadt-Hammersdorf-Schellenberg mit dem Schwerpunkt Umwelt, Bildung und Spiritualit\u00e4t. Gemeindearbeit Sie bietet vielf\u00e4ltige R\u00e4ume f\u00fcr die Gemeindearbeit der Kirchengemeinden, gesellschaftliche Schutzr\u00e4ume \u00a0jenseits der Profitmaximierung , Lernorte f\u00fcr eine nachhaltige Lebensweise, Orte des ehrenamtlichen Engagements von Gruppen und [&hellip;]<\/p>\n","protected":false},"author":2,"featured_media":0,"parent":2648,"menu_order":0,"comment_status":"closed","ping_status":"closed","template":"","meta":{"footnotes":""},"class_list":["post-3946","page","type-page","status-publish","czr-hentry"],"_links":{"self":[{"href":"https:\/\/hermannstadt.evang.ro\/ro\/wp-json\/wp\/v2\/pages\/3946","targetHints":{"allow":["GET"]}}],"collection":[{"href":"https:\/\/hermannstadt.evang.ro\/ro\/wp-json\/wp\/v2\/pages"}],"about":[{"href":"https:\/\/hermannstadt.evang.ro\/ro\/wp-json\/wp\/v2\/types\/page"}],"author":[{"embeddable":true,"href":"https:\/\/hermannstadt.evang.ro\/ro\/wp-json\/wp\/v2\/users\/2"}],"replies":[{"embeddable":true,"href":"https:\/\/hermannstadt.evang.ro\/ro\/wp-json\/wp\/v2\/comments?post=3946"}],"version-history":[{"count":2,"href":"https:\/\/hermannstadt.evang.ro\/ro\/wp-json\/wp\/v2\/pages\/3946\/revisions"}],"predecessor-version":[{"id":3948,"href":"https:\/\/hermannstadt.evang.ro\/ro\/wp-json\/wp\/v2\/pages\/3946\/revisions\/3948"}],"up":[{"embeddable":true,"href":"https:\/\/hermannstadt.evang.ro\/ro\/wp-json\/wp\/v2\/pages\/2648"}],"wp:attachment":[{"href":"https:\/\/hermannstadt.evang.ro\/ro\/wp-json\/wp\/v2\/media?parent=3946"}],"curies":[{"name":"wp","href":"https:\/\/api.w.org\/{rel}","templated":true}]}}