{"id":3953,"date":"2020-04-01T22:25:42","date_gmt":"2020-04-01T19:25:42","guid":{"rendered":"https:\/\/hermannstadt.evang.ro\/?page_id=3953"},"modified":"2020-04-01T22:25:42","modified_gmt":"2020-04-01T19:25:42","slug":"spatii-de-inchiriat","status":"publish","type":"page","link":"https:\/\/hermannstadt.evang.ro\/ro\/parohie\/spatii-de-inchiriat\/","title":{"rendered":"spa\u021bii de \u00eenchiriat"},"content":{"rendered":"<p class=\"bodytext\">Unsere Kirchengemeinde vermietet zu markt\u00fcblichen Preisen Wohnungen in der Innenstadt. Das Presbyterium bem\u00fcht sich, eine Staffelung der Mietpreise zu erstellen, die die Lage, Gr\u00f6\u00dfe, den Renovierungszustand etc. ber\u00fccksichtigt.<\/p>\n<p class=\"bodytext\">Frei sind zur Zeit:&#8230;\u00a0 leider sind alle Wohnungen derzeit besetzt &#8230; gelegentliches Nachfragen lohnt trotzdem<\/p>\n<p class=\"bodytext\">F\u00fcr weitere Details wenden Sie sich bitte an Amtsleiterin Roxana Nartea unter<br \/>\nroxana.nartea \/at\/ evang.ro oder Tel: 0269 213 141<\/p>\n","protected":false},"excerpt":{"rendered":"<p>Unsere Kirchengemeinde vermietet zu markt\u00fcblichen Preisen Wohnungen in der Innenstadt. Das Presbyterium bem\u00fcht sich, eine Staffelung der Mietpreise zu erstellen, die die Lage, Gr\u00f6\u00dfe, den Renovierungszustand etc. ber\u00fccksichtigt. Frei sind zur Zeit:&#8230;\u00a0 leider sind alle Wohnungen derzeit besetzt &#8230; gelegentliches Nachfragen lohnt trotzdem F\u00fcr weitere Details wenden Sie sich bitte an Amtsleiterin Roxana Nartea unter [&hellip;]<\/p>\n","protected":false},"author":2,"featured_media":0,"parent":2648,"menu_order":0,"comment_status":"closed","ping_status":"closed","template":"","meta":{"footnotes":""},"class_list":["post-3953","page","type-page","status-publish","czr-hentry"],"_links":{"self":[{"href":"https:\/\/hermannstadt.evang.ro\/ro\/wp-json\/wp\/v2\/pages\/3953","targetHints":{"allow":["GET"]}}],"collection":[{"href":"https:\/\/hermannstadt.evang.ro\/ro\/wp-json\/wp\/v2\/pages"}],"about":[{"href":"https:\/\/hermannstadt.evang.ro\/ro\/wp-json\/wp\/v2\/types\/page"}],"author":[{"embeddable":true,"href":"https:\/\/hermannstadt.evang.ro\/ro\/wp-json\/wp\/v2\/users\/2"}],"replies":[{"embeddable":true,"href":"https:\/\/hermannstadt.evang.ro\/ro\/wp-json\/wp\/v2\/comments?post=3953"}],"version-history":[{"count":2,"href":"https:\/\/hermannstadt.evang.ro\/ro\/wp-json\/wp\/v2\/pages\/3953\/revisions"}],"predecessor-version":[{"id":3955,"href":"https:\/\/hermannstadt.evang.ro\/ro\/wp-json\/wp\/v2\/pages\/3953\/revisions\/3955"}],"up":[{"embeddable":true,"href":"https:\/\/hermannstadt.evang.ro\/ro\/wp-json\/wp\/v2\/pages\/2648"}],"wp:attachment":[{"href":"https:\/\/hermannstadt.evang.ro\/ro\/wp-json\/wp\/v2\/media?parent=3953"}],"curies":[{"name":"wp","href":"https:\/\/api.w.org\/{rel}","templated":true}]}}