{"id":3959,"date":"2020-04-01T22:27:29","date_gmt":"2020-04-01T19:27:29","guid":{"rendered":"https:\/\/hermannstadt.evang.ro\/?page_id=3959"},"modified":"2020-04-01T22:27:29","modified_gmt":"2020-04-01T19:27:29","slug":"parteneriate","status":"publish","type":"page","link":"https:\/\/hermannstadt.evang.ro\/ro\/parohie\/parteneriate\/","title":{"rendered":"Parteneriate"},"content":{"rendered":"<p><strong>Johanneskirche Klagenfurt am W\u00f6rthersee<\/strong>:\u00a0 http:\/\/www.johanneskirche-klagenfurt.at\/<\/p>\n<p>&nbsp;<\/p>\n<p><strong>Gemeinde der B\u00f6hmischen Br\u00fcder<\/strong> in Prag-Stresovice<\/p>\n<p>&nbsp;<\/p>\n<p><strong>Evangelische Stadtkirchengemeinde Berlin-K\u00f6penick<\/strong><\/p>\n<p>&nbsp;<\/p>\n<figure id=\"attachment_3369\" aria-describedby=\"caption-attachment-3369\" style=\"width: 371px\" class=\"wp-caption alignright\"><a href=\"https:\/\/hermannstadt.evang.ro\/wp-content\/uploads\/2020\/03\/Kreuz-Mohikaner-aus-Hermannstadt-Joelweb-1024x768.jpg\"><img loading=\"lazy\" decoding=\"async\" class=\"wp-image-3369 \" src=\"https:\/\/hermannstadt.evang.ro\/wp-content\/uploads\/2020\/03\/Kreuz-Mohikaner-aus-Hermannstadt-Joelweb-1024x768.jpg\" alt=\"\" width=\"371\" height=\"279\" srcset=\"https:\/\/hermannstadt.evang.ro\/wp-content\/uploads\/2020\/03\/Kreuz-Mohikaner-aus-Hermannstadt-Joelweb-1024x768.jpg 1024w, https:\/\/hermannstadt.evang.ro\/wp-content\/uploads\/2020\/03\/Kreuz-Mohikaner-aus-Hermannstadt-Joelweb-300x225.jpg 300w, https:\/\/hermannstadt.evang.ro\/wp-content\/uploads\/2020\/03\/Kreuz-Mohikaner-aus-Hermannstadt-Joelweb-768x576.jpg 768w, https:\/\/hermannstadt.evang.ro\/wp-content\/uploads\/2020\/03\/Kreuz-Mohikaner-aus-Hermannstadt-Joelweb.jpg 1100w\" sizes=\"auto, (max-width: 371px) 100vw, 371px\" \/><\/a><figcaption id=\"caption-attachment-3369\" class=\"wp-caption-text\">Joel und Susan Schlachtenhaufen \u00fcberbringen der &#8216;Lutheran Church of the Wilderness&#8217; der Mohikaner ein Kreuz, das von einem Hermannst\u00e4dter Schmied, einem ehemaligen Wandergeselle gefertigt wurde.<\/figcaption><\/figure>\n<p><strong>Lutheran Church of the Wilderness<\/strong> &#8211; Stockbridge-Munsee Mohican Community.\u00a0 \u00a0<a href=\"https:\/\/www.lutheranchurchofthewilderness.com\">https:\/\/www.lutheranchurchofthewilderness.com<\/a><\/p>\n<p>Pfarrer Joel Schlachtenhaufen war einige Jahre Pfarrer dieser Gemeinde der Lutheraner aus den Native Nations vom Stamm der Mohikaner, in einem gro\u00dfen Wald-Reservat zwischen Wisconsin und Iowa. Sie betreiben \u00e4hnlich wie unsere Kirchengemeinde ein &#8222;Nature Center&#8221; . Ihres besteht aus einer alten Forellenz\u00fcchterei, deren Geb\u00e4ude zu einem Gemeindezentrum umfunktioniert wurden. Mehrfach haben Gemeindebesuche hin und her stattgefunden, eine Gruppe renovierte im Volontariat R\u00e4ume im Hammersdorfer Pfarrhaus und ihr Vice-Chief Greg Miller gestaltete Einheiten mit unseren Konfirmanden und hielt eine Rede bei einer der Ro\u0219ia-Montana-Demos.<\/p>\n<h3>\u00dcber <strong>Joel Schlachtenhaufens<\/strong> vielf\u00e4ltigen Einsatz innerhalb von 10 Jahren rund um unsere Kirchengemeinde<br \/>\nhat Elfriede D\u00f6rr <a href=\"https:\/\/hermannstadt.evang.ro\/wuerdigung-pfr-joel-schlachtenhaufen\/\">einen Nachruf geschrieben &#8211; hier ist er zu finden.<\/a><\/h3>\n<p>&nbsp;<\/p>\n<p>&nbsp;<\/p>\n<p>&nbsp;<\/p>\n","protected":false},"excerpt":{"rendered":"<p>Johanneskirche Klagenfurt am W\u00f6rthersee:\u00a0 http:\/\/www.johanneskirche-klagenfurt.at\/ &nbsp; Gemeinde der B\u00f6hmischen Br\u00fcder in Prag-Stresovice &nbsp; Evangelische Stadtkirchengemeinde Berlin-K\u00f6penick &nbsp; Lutheran Church of the Wilderness &#8211; Stockbridge-Munsee Mohican Community.\u00a0 \u00a0https:\/\/www.lutheranchurchofthewilderness.com Pfarrer Joel Schlachtenhaufen war einige Jahre Pfarrer dieser Gemeinde der Lutheraner aus den Native Nations vom Stamm der Mohikaner, in einem gro\u00dfen Wald-Reservat zwischen Wisconsin und Iowa. Sie [&hellip;]<\/p>\n","protected":false},"author":2,"featured_media":0,"parent":2648,"menu_order":0,"comment_status":"closed","ping_status":"closed","template":"","meta":{"footnotes":""},"class_list":["post-3959","page","type-page","status-publish","czr-hentry"],"_links":{"self":[{"href":"https:\/\/hermannstadt.evang.ro\/ro\/wp-json\/wp\/v2\/pages\/3959","targetHints":{"allow":["GET"]}}],"collection":[{"href":"https:\/\/hermannstadt.evang.ro\/ro\/wp-json\/wp\/v2\/pages"}],"about":[{"href":"https:\/\/hermannstadt.evang.ro\/ro\/wp-json\/wp\/v2\/types\/page"}],"author":[{"embeddable":true,"href":"https:\/\/hermannstadt.evang.ro\/ro\/wp-json\/wp\/v2\/users\/2"}],"replies":[{"embeddable":true,"href":"https:\/\/hermannstadt.evang.ro\/ro\/wp-json\/wp\/v2\/comments?post=3959"}],"version-history":[{"count":2,"href":"https:\/\/hermannstadt.evang.ro\/ro\/wp-json\/wp\/v2\/pages\/3959\/revisions"}],"predecessor-version":[{"id":3961,"href":"https:\/\/hermannstadt.evang.ro\/ro\/wp-json\/wp\/v2\/pages\/3959\/revisions\/3961"}],"up":[{"embeddable":true,"href":"https:\/\/hermannstadt.evang.ro\/ro\/wp-json\/wp\/v2\/pages\/2648"}],"wp:attachment":[{"href":"https:\/\/hermannstadt.evang.ro\/ro\/wp-json\/wp\/v2\/media?parent=3959"}],"curies":[{"name":"wp","href":"https:\/\/api.w.org\/{rel}","templated":true}]}}