{"id":3962,"date":"2020-04-01T22:29:26","date_gmt":"2020-04-01T19:29:26","guid":{"rendered":"https:\/\/hermannstadt.evang.ro\/?page_id=3962"},"modified":"2023-08-13T20:33:14","modified_gmt":"2023-08-13T17:33:14","slug":"biroul-comunitatii-oficiul-parohial","status":"publish","type":"page","link":"https:\/\/hermannstadt.evang.ro\/ro\/parohie\/biroul-comunitatii-oficiul-parohial\/","title":{"rendered":"Biroul comunit\u0103\u021bii \/ oficiul parohial"},"content":{"rendered":"<p>Parohia Evanghelic\u0103 C.A. Sibiu<br \/>\n<strong>Adres\u0103:<\/strong><br \/>\nPiata Huet 1, RO &#8211; 550182 Sibiu<\/p>\n<p><strong>Secretariat &#8211;\u00a0 Marianne Stanciu<\/strong><br \/>\n<strong>Program:<\/strong> luni &#8211; vineri\u00a0 orele\u00a0 9 &#8211; 13<br \/>\n<strong>Telefon:<\/strong> 0040 269 211203<br \/>\n<strong>E-Mail<\/strong> (Sekretariat): hermannstadt\/at\/evang.ro<br \/>\n<em>\u00a0 \u00a0 \u00a0 V\u0103 rog \u00eenlocui\u021bi\u00a0 \/at\/ cu semnul\u00a0 @\u00a0 !<\/em><\/p>\n<p><strong>Director executiv Dipl. Kff. Roxana Nartea &#8211;\u00a0 administra\u021bie<\/strong><br \/>\nTel: 0040 269 213141<br \/>\nE-mail: roxana.nartea\/at\/evang.ro<\/p>\n<p><strong>Administra\u021bie &#8211; caserie<br \/>\n<\/strong>Roxana Nartea \u0219i Anca Budai<br \/>\nprogram: luni-vineri, orele\u00a0 9 &#8211; 13 ,<br \/>\nTelefon: 0040 269 213141<\/p>\n<p><strong>Primpreot Kilian D\u00f6rr\u00a0<\/strong><br \/>\naudien\u021be: joi \u0219i vineri, orele 11- 12<br \/>\nTel.: 0040 269 212600<br \/>\nE-mail: kilian.doerr\/at\/evang.ro<\/p>\n<p><strong>Preot Hans-Georg Junesch &#8211;\u00a0<\/strong><br \/>\naudien\u021be: miercuri, orele\u00a0 9-12<br \/>\nTel.: 0040 727 313 642<br \/>\nE-mail: hans.georg.junesch\/at\/gmail.com<\/p>\n<p><strong>Preot Klaus Untch &#8211;<br \/>\n<\/strong>audien\u021be: mar\u021bi, 9-12<strong><br \/>\n<\/strong>Tel.: 0040 724 071 860<br \/>\nE-mail: klausmartinuntch\/at\/yahoo.com<\/p>\n<p><strong>Serviciu social\u00a0 \u00a0Annemarie Fazakas<\/strong><br \/>\nprogram: mar\u021bi \u0219i joi, orele 9-13<br \/>\nTelefon: 0040 269 213141 oder 211203<\/p>\n<p><strong>referent tineret Christine Grahl\u00a0<\/strong><br \/>\nTel: 0040 760 166570<\/p>\n<p><strong>Cantor Brita Falch-Leutert &#8211;\u00a0<\/strong><br \/>\nTel: 0040 730 200560<br \/>\nE-mail: bri\/at\/online.no<\/p>\n<p><strong>Cont bancar:<\/strong><br \/>\nParohia Evanghelica C.A. Sibiu<br \/>\nBanca Transilvania Sibiu<br \/>\n<strong>IBAN-Konto Euro:<\/strong><br \/>\nRO78 BTRL 0330 4205 E231 45XX<br \/>\n<strong>IBAN-Konto Lei:<\/strong><br \/>\nRO16 BTRL 0330 1205 E231 4501<br \/>\n<em>&#8211; v\u0103 rog indica\u021bi scopul transferului\u00a0 &#8211;<\/em><\/p>\n<p><strong>Cod Fiscal: 7779740<\/strong><\/p>\n<p><a href=\"https:\/\/hermannstadt.evang.ro\/wp-content\/uploads\/2019\/11\/cerere_230_2013.1.pdf\" target=\"_blank\" rel=\"noopener noreferrer\"><strong>Hier k\u00f6nnen Sie das Formular 230 finden, mit dem Sie 2% Ihrer schon bezahlten Steuern f\u00fcr die Kirchenrenovierung umwidmen k\u00f6nnen.<\/strong><\/a><\/p>\n<p>_______________________<\/p>\n<p><strong>Parohia Evanghelic\u0103 C.A. Gu\u015fteri\u0163a<\/strong><br \/>\nStr. Podului nr.47, Sibiu<br \/>\nCod fiscal: 12613890<br \/>\nRaiffeisen Bank, Filiale Brukenthal<br \/>\nstr. Nicolae B\u0103lcescu 29, RO-550159 Sibiu<br \/>\nBIC-Code: RZBR RO BU<br \/>\nIBAN Konto Lei: RO24 RZBR 0000 0600 1355 6099<\/p>\n<p><strong>Parohia Evanghelica C.A. \u015eelimb\u0103r<\/strong><br \/>\nStr. Mihai Viteazu nr. 427,<br \/>\nCod fiscal: 13645980<br \/>\nRaiffeisen Bank, Filiale Brukenthal<br \/>\nstr. Nicolae B\u0103lcescu 29, RO-550159 Sibiu<br \/>\nBIC-Code: RZBR RO BU<br \/>\nIBAN Konto Lei: RO13 RZBR 0000 0600 1355 6103<\/p>\n<p>&nbsp;<\/p>\n","protected":false},"excerpt":{"rendered":"<p>Parohia Evanghelic\u0103 C.A. Sibiu Adres\u0103: Piata Huet 1, RO &#8211; 550182 Sibiu Secretariat &#8211;\u00a0 Marianne Stanciu Program: luni &#8211; vineri\u00a0 orele\u00a0 9 &#8211; 13 Telefon: 0040 269 211203 E-Mail (Sekretariat): hermannstadt\/at\/evang.ro \u00a0 \u00a0 \u00a0 V\u0103 rog \u00eenlocui\u021bi\u00a0 \/at\/ cu semnul\u00a0 @\u00a0 ! Director executiv Dipl. Kff. Roxana Nartea &#8211;\u00a0 administra\u021bie Tel: 0040 269 213141 E-mail: [&hellip;]<\/p>\n","protected":false},"author":2,"featured_media":0,"parent":2648,"menu_order":0,"comment_status":"closed","ping_status":"closed","template":"","meta":{"footnotes":""},"class_list":["post-3962","page","type-page","status-publish","czr-hentry"],"_links":{"self":[{"href":"https:\/\/hermannstadt.evang.ro\/ro\/wp-json\/wp\/v2\/pages\/3962","targetHints":{"allow":["GET"]}}],"collection":[{"href":"https:\/\/hermannstadt.evang.ro\/ro\/wp-json\/wp\/v2\/pages"}],"about":[{"href":"https:\/\/hermannstadt.evang.ro\/ro\/wp-json\/wp\/v2\/types\/page"}],"author":[{"embeddable":true,"href":"https:\/\/hermannstadt.evang.ro\/ro\/wp-json\/wp\/v2\/users\/2"}],"replies":[{"embeddable":true,"href":"https:\/\/hermannstadt.evang.ro\/ro\/wp-json\/wp\/v2\/comments?post=3962"}],"version-history":[{"count":5,"href":"https:\/\/hermannstadt.evang.ro\/ro\/wp-json\/wp\/v2\/pages\/3962\/revisions"}],"predecessor-version":[{"id":7596,"href":"https:\/\/hermannstadt.evang.ro\/ro\/wp-json\/wp\/v2\/pages\/3962\/revisions\/7596"}],"up":[{"embeddable":true,"href":"https:\/\/hermannstadt.evang.ro\/ro\/wp-json\/wp\/v2\/pages\/2648"}],"wp:attachment":[{"href":"https:\/\/hermannstadt.evang.ro\/ro\/wp-json\/wp\/v2\/media?parent=3962"}],"curies":[{"name":"wp","href":"https:\/\/api.w.org\/{rel}","templated":true}]}}