{"id":3968,"date":"2020-04-01T22:46:05","date_gmt":"2020-04-01T19:46:05","guid":{"rendered":"https:\/\/hermannstadt.evang.ro\/?page_id=3968"},"modified":"2020-04-01T22:46:05","modified_gmt":"2020-04-01T19:46:05","slug":"volontariat","status":"publish","type":"page","link":"https:\/\/hermannstadt.evang.ro\/ro\/parohie\/volontariat\/","title":{"rendered":"Volontariat"},"content":{"rendered":"<h2><strong>Freiwilligenstelle in der Evangelischen Kirchengemeinde A.B. Hermannstadt \/ Rum\u00e4nien<br \/>\n<\/strong><\/h2>\n<p><strong>Projekttr\u00e4ger<\/strong>: Evangelische Kirchengemeinde A.B. Hermannstadt in RO 550182 Sibiu, Piata Huet 1<br \/>\n<a href=\"http:\/\/www.hermannstadt.evang.ro\">www.hermannstadt.evang.ro<\/a><\/p>\n<p><strong>Beschreibung<\/strong>: Diakonie, Umwelt, Gemeinde, Kultur: um diese Themen geht es bei der Freiwilligenarbeit in unserer Kirchengemeinde. Individuelle Schwerpunkte k\u00f6nnen je nach Neigung der Freiwilligen vereinbart werden. \u00d6kumenische und kulturelle Offenheit ist n\u00f6tig, weil die Gemeindearbeit in allen Bereichen \u00fcber das Evangelische hinausgeht.<\/p>\n<p>&#8211; im <strong>Gemeindezentrum \u201eGr\u00fcne Kirchenburg Hammersdorf<\/strong>\u201c geht es um Umwelt und Bildung, sowie Urban Gardening: dort suchen wir einen Mitarbeiter im Garten, der auch mit Kindern und anderen Freiwilligengruppen zusammenarbeiten kann. Anleitung: G\u00e4rtner Catalin Dinis<\/p>\n<p>&#8211; der <strong>Diakonische Bereich<\/strong> umfasst:\u00a0 Besuchsdienst \/ Helferdienst,\u00a0 Mithilfe in der\u00a0 Medikamentenstelle,\u00a0Essen auf R\u00e4dern, Mitarbeit am Diakoniehof Schellenberg. Anleitung: Diakoniebeauftragte Annemarie Fazakas<\/p>\n<p>&#8211; <strong>Gemeindearbeit<\/strong>:\u00a0 Kindergottesdienst,\u00a0 Helfer bei Freizeiten,- Handarbeitskreise, Empfangsdienst bei Gottesdiensten und Konzerten, Kirchenf\u00fchrungen etc. Anleitung: Dechant H.G. Junesch, Pfr. Klaus Untch<\/p>\n<p>&#8211; <strong>Musik und Kultur<\/strong>:\u00a0 Kinder- und Jugenchor, Musikarchiv, Kirchenf\u00fchrungen, Ausstellungen. Anleitung: Kantorin Brita Falch-Leutert und Kirchenf\u00fchrer Linus Marginean<\/p>\n<p><strong>Inhaltlich<\/strong>: Der\/die Freiwillige wird in der Jugendarbeit, in diakonischen Dienst, Gartenarbeit und in Kulturveranstaltungen eingebunden.<\/p>\n<p><strong>Kenntnisse<\/strong>: Arbeitssprache ist deutsch, eine weitere Sprache ist von Vorteil. EDV Kenntnisse sind erw\u00fcnscht, F\u00fchrerschein B ist hilfreich.<\/p>\n<p><strong>I Verantwortlicher<\/strong>: Pfarrer Kilian D\u00f6rr<\/p>\n<p><strong>II Verantwortlicher<\/strong>: die jeweiligen Anleitenden<\/p>\n<p><strong>Logistik<\/strong>: Zimmer in WG, etwas Verpflegungsgeld (eine warme Mahlzeit pro Tag)<\/p>\n<p><strong>Zeitrahmen<\/strong>: ab 3 Monaten sinnvoll, gerne auch 1 Jahr<\/p>\n","protected":false},"excerpt":{"rendered":"<p>Freiwilligenstelle in der Evangelischen Kirchengemeinde A.B. Hermannstadt \/ Rum\u00e4nien Projekttr\u00e4ger: Evangelische Kirchengemeinde A.B. Hermannstadt in RO 550182 Sibiu, Piata Huet 1 www.hermannstadt.evang.ro Beschreibung: Diakonie, Umwelt, Gemeinde, Kultur: um diese Themen geht es bei der Freiwilligenarbeit in unserer Kirchengemeinde. Individuelle Schwerpunkte k\u00f6nnen je nach Neigung der Freiwilligen vereinbart werden. \u00d6kumenische und kulturelle Offenheit ist n\u00f6tig, weil [&hellip;]<\/p>\n","protected":false},"author":2,"featured_media":0,"parent":2648,"menu_order":0,"comment_status":"closed","ping_status":"closed","template":"","meta":{"footnotes":""},"class_list":["post-3968","page","type-page","status-publish","czr-hentry"],"_links":{"self":[{"href":"https:\/\/hermannstadt.evang.ro\/ro\/wp-json\/wp\/v2\/pages\/3968","targetHints":{"allow":["GET"]}}],"collection":[{"href":"https:\/\/hermannstadt.evang.ro\/ro\/wp-json\/wp\/v2\/pages"}],"about":[{"href":"https:\/\/hermannstadt.evang.ro\/ro\/wp-json\/wp\/v2\/types\/page"}],"author":[{"embeddable":true,"href":"https:\/\/hermannstadt.evang.ro\/ro\/wp-json\/wp\/v2\/users\/2"}],"replies":[{"embeddable":true,"href":"https:\/\/hermannstadt.evang.ro\/ro\/wp-json\/wp\/v2\/comments?post=3968"}],"version-history":[{"count":2,"href":"https:\/\/hermannstadt.evang.ro\/ro\/wp-json\/wp\/v2\/pages\/3968\/revisions"}],"predecessor-version":[{"id":3970,"href":"https:\/\/hermannstadt.evang.ro\/ro\/wp-json\/wp\/v2\/pages\/3968\/revisions\/3970"}],"up":[{"embeddable":true,"href":"https:\/\/hermannstadt.evang.ro\/ro\/wp-json\/wp\/v2\/pages\/2648"}],"wp:attachment":[{"href":"https:\/\/hermannstadt.evang.ro\/ro\/wp-json\/wp\/v2\/media?parent=3968"}],"curies":[{"name":"wp","href":"https:\/\/api.w.org\/{rel}","templated":true}]}}