{"id":3975,"date":"2020-04-01T22:48:51","date_gmt":"2020-04-01T19:48:51","guid":{"rendered":"https:\/\/hermannstadt.evang.ro\/?page_id=3975"},"modified":"2024-04-20T14:27:13","modified_gmt":"2024-04-20T11:27:13","slug":"program-slujbe-si-evenimente","status":"publish","type":"page","link":"https:\/\/hermannstadt.evang.ro\/ro\/parohie\/program-slujbe-si-evenimente\/","title":{"rendered":"Program slujbe \u0219i evenimente"},"content":{"rendered":"<h2>Slujbe, programe, evenimente<\/h2>\n<h3><strong>Catedrala Evanghelic\u0103, Pia\u021ba Huet<\/strong><\/h3>\n<p>Duminic\u0103, ora 10 &#8211;\u00a0<strong>Serviciu religios <\/strong>&#8211; \u00een fiecare prim\u0103 duminic\u0103 din lun\u0103 cu Sf\u00e2nta \u00cemp\u0103rt\u0103\u0219anie<br \/>\nDuminic\u0103, ora 10 &#8211;\u00a0<strong>slujba pentru copii<\/strong>\u00a0&#8211; \u00eencep\u00e2nd cu serviciul principal,<br \/>\nMar\u021bi, ora 8 &#8211;\u00a0<strong>rug\u0103ciune de diminea\u021b\u0103<\/strong> &#8211; \u00een sala presbiteriului<\/p>\n<p>Mar\u021bi, miercuri, joi, ora 12.00 &#8211;\u00a0<strong>Rug\u0103ciunea de amiaz\u0103 <\/strong>\u00een catedral\u0103<\/p>\n<p>Vineri, ora 12.00 &#8211;\u00a0<strong>\u00a0Muzica de pr\u00e2nz\u00a0<\/strong>\u00een catedrala evanghelic\u0103<br \/>\nVineri, ora 20.00 &#8211;\u00a0<strong>Rugaciune de sear\u0103<\/strong>\u00a0dup\u0103 r\u00e2nduiala de\u00a0<strong>Complet<\/strong> \u00een catedral\u0103<\/p>\n<p>S\u00e2mb\u0103t\u0103, ora 19.00 &#8211;\u00a0<strong> Concert de org\u0103<\/strong> \u00een catedral\u0103<\/p>\n<p>&nbsp;<\/p>\n<h4><strong>Biserica evanghelic\u0103 Gu\u0219teri\u021ba,\u00a0 <\/strong>Sibiu, str. Maior Ni\u021b\u0103 Octavian 30:\u00a0\u00a0Slujb\u0103 religioas\u0103 \u00een fiecare a doua duminic\u0103 la ora 10<\/h4>\n<h3><strong>C\u0103minul de b\u0103tr\u00e2ni Dr. Carl Wolf, Strada Pedagogilor nr. 3-5<br \/>\n<\/strong>Mar\u021bi, ora 17.00 &#8211;\u00a0<strong style=\"font-size: 16px;\">Studiu biblic<br \/>\n<\/strong>S\u00e2mb\u0103t\u0103, ora 17.00 &#8211;\u00a0<strong style=\"font-size: 16px;\">Slujb\u0103<\/strong><span style=\"font-size: 16px;\"> &#8211; \u00een ultima s\u00e2mb\u0103t\u0103 din lun\u0103 cu \u00eemp\u0103rt\u0103\u0219anie 16.30 pm<\/span><\/h3>\n<p>&nbsp;<\/p>\n<h2>Programe parohiale<\/h2>\n<h3><strong>Diakonie \/ serviciu social\u00a0<\/strong><\/h3>\n<p>Luni, \u00eentre orele 9-11,\u00a0<strong>distribuire medicamente<\/strong> \u00een casa parohial\u0103, curtea interioar\u0103, Huetplatz 1<br \/>\nMar\u021bi \u0219i joi, \u00eentre orele 9-13, ore de consulta\u021bie\u00a0<strong>asistent social Diaconia<\/strong> A. Fazakas<\/p>\n<h3><strong>Cercul de femei<\/strong><\/h3>\n<p>Montag von 15 \u2013 17 Uhr,<strong>\u00a0Frauenkreis, Huetplatz Nr. 1<\/strong>\u00a0(Eingang durch den Innenhof \u2013 )<\/p>\n<h3><strong>Copii \u0219i tineret\u00a0<\/strong><\/h3>\n<p>Mar\u021bi, \u00eentre orele 10-12,\u00a0<strong>grupul mama \u0219i copilui\u00a0 <\/strong>\u00een sala presbiteriului, Huet 1<br \/>\nJoi, \u00eentre orele 18-20,\u00a0 <strong>tineretului<\/strong> (ceain\u0103rie) \u00een clubul de tineret, Huetplatz nr. 2<\/p>\n<h3><strong>Muzic\u0103\u00a0<\/strong><\/h3>\n<p>Miercuri, de la ora 18 la 20:00,\u00a0<strong>Corul de Bach<\/strong> \u00een sacristia superioar\u0103 (loj\u0103 )<br \/>\nMar\u021bi, 19 &#8211; 20:00:\u00a0<strong>Corul de tineri<\/strong> \u00een sacristia superioar\u0103 (loj\u0103 )<br \/>\nVineri, 18 &#8211; 19:00,\u00a0<strong>Corul de copii<\/strong> (clasele a II-a &#8211; a V-a) \u00een sacristia superioar\u0103 (loj\u0103 ).<\/p>\n<p>&nbsp;<\/p>\n<figure id=\"attachment_1791\" aria-describedby=\"caption-attachment-1791\" style=\"width: 654px\" class=\"wp-caption alignnone\"><img loading=\"lazy\" decoding=\"async\" class=\"wp-image-1793 \" src=\"https:\/\/hermannstadt.evang.ro\/wp-content\/uploads\/2019\/11\/057b03d732.jpg\" alt=\"\" width=\"654\" height=\"299\" srcset=\"https:\/\/hermannstadt.evang.ro\/wp-content\/uploads\/2019\/11\/057b03d732.jpg 743w, https:\/\/hermannstadt.evang.ro\/wp-content\/uploads\/2019\/11\/057b03d732-300x137.jpg 300w\" sizes=\"auto, (max-width: 654px) 100vw, 654px\" \/><figcaption id=\"caption-attachment-1791\" class=\"wp-caption-text\">Musikerinnen beim Weltgebetstag<\/figcaption><\/figure>\n","protected":false},"excerpt":{"rendered":"<p>Slujbe, programe, evenimente Catedrala Evanghelic\u0103, Pia\u021ba Huet Duminic\u0103, ora 10 &#8211;\u00a0Serviciu religios &#8211; \u00een fiecare prim\u0103 duminic\u0103 din lun\u0103 cu Sf\u00e2nta \u00cemp\u0103rt\u0103\u0219anie Duminic\u0103, ora 10 &#8211;\u00a0slujba pentru copii\u00a0&#8211; \u00eencep\u00e2nd cu serviciul principal, Mar\u021bi, ora 8 &#8211;\u00a0rug\u0103ciune de diminea\u021b\u0103 &#8211; \u00een sala presbiteriului Mar\u021bi, miercuri, joi, ora 12.00 &#8211;\u00a0Rug\u0103ciunea de amiaz\u0103 \u00een catedral\u0103 Vineri, ora 12.00 [&hellip;]<\/p>\n","protected":false},"author":2,"featured_media":0,"parent":2648,"menu_order":0,"comment_status":"closed","ping_status":"closed","template":"","meta":{"footnotes":""},"class_list":["post-3975","page","type-page","status-publish","czr-hentry"],"_links":{"self":[{"href":"https:\/\/hermannstadt.evang.ro\/ro\/wp-json\/wp\/v2\/pages\/3975","targetHints":{"allow":["GET"]}}],"collection":[{"href":"https:\/\/hermannstadt.evang.ro\/ro\/wp-json\/wp\/v2\/pages"}],"about":[{"href":"https:\/\/hermannstadt.evang.ro\/ro\/wp-json\/wp\/v2\/types\/page"}],"author":[{"embeddable":true,"href":"https:\/\/hermannstadt.evang.ro\/ro\/wp-json\/wp\/v2\/users\/2"}],"replies":[{"embeddable":true,"href":"https:\/\/hermannstadt.evang.ro\/ro\/wp-json\/wp\/v2\/comments?post=3975"}],"version-history":[{"count":8,"href":"https:\/\/hermannstadt.evang.ro\/ro\/wp-json\/wp\/v2\/pages\/3975\/revisions"}],"predecessor-version":[{"id":7997,"href":"https:\/\/hermannstadt.evang.ro\/ro\/wp-json\/wp\/v2\/pages\/3975\/revisions\/7997"}],"up":[{"embeddable":true,"href":"https:\/\/hermannstadt.evang.ro\/ro\/wp-json\/wp\/v2\/pages\/2648"}],"wp:attachment":[{"href":"https:\/\/hermannstadt.evang.ro\/ro\/wp-json\/wp\/v2\/media?parent=3975"}],"curies":[{"name":"wp","href":"https:\/\/api.w.org\/{rel}","templated":true}]}}