{"id":4003,"date":"2020-04-02T22:07:46","date_gmt":"2020-04-02T19:07:46","guid":{"rendered":"https:\/\/hermannstadt.evang.ro\/?page_id=4003"},"modified":"2020-04-02T22:47:11","modified_gmt":"2020-04-02T19:47:11","slug":"brukenthal-stiftung","status":"publish","type":"page","link":"https:\/\/hermannstadt.evang.ro\/ro\/cultura-turism\/brukenthal-stiftung\/","title":{"rendered":"Funda\u021bia Samuel von Brukenthal"},"content":{"rendered":"<div class=\"csc-header csc-header-n1\">\n<h1 class=\"csc-firstHeader\">Die Stiftung<\/h1>\n<\/div>\n<p class=\"bodytext\">1999 erhielt die neu gegr\u00fcndete Brukenthalstiftung den nach dem 2. Weltkrieg enteignete Sommersitz Samuel von Brukenthals in Freck \/ Avrig vom Staat zur\u00fcckerstattet und k\u00fcmmert sich seither mit bescheidenen Mitteln um den Erhalt und um die k\u00fcnftige Nutzung des Anwesens.<\/p>\n<p class=\"bodytext\">Zu den 46 Gr\u00fcndungsmitgliedern geh\u00f6rten viele Pers\u00f6nlichkeiten des \u00f6ffentlichen Lebens: unter anderem Klaus Werner Johannis, Ralf Breth, damals deutscher Generalkonsul in Hermannstadt,\u00a0 Arnulf Braun, deutscher Konsul in Hermannstadt und Prof. Dr. Gerhard Konnerth, Dekan der Lucian-Blaga-Universit\u00e4t.<\/p>\n<p class=\"bodytext\">Heute wird die Stiftung von einem siebenk\u00f6pfigen Kuratorium und der Gesch\u00e4ftsf\u00fchrung geleitet.<br \/>\nDie Stiftung verf\u00fcgt \u00fcber kein Eigenkapital.\u00a0 Sie hat das Anwesen in Freck an die Firma Klingeis Consulting verpachtet, die in der Orangerie einen Hotel- und Tagungsbetrieb aufrechterh\u00e4lt und sich gemeinsam mit der Stiftung um verschiedene Projekte zum Erhalt dieses kulturellen Erbes bem\u00fcht.<\/p>\n<p class=\"bodytext\">Der Freundeskreis der Stiftung besteht aus\u00a0 Personen, die die T\u00e4tigkeit der Stiftung unterst\u00fctzen, \u00d6ffentlichkeitsarbeit leisten und sich um Mittel f\u00fcr die Realisierung der Zwecke und Ziele der Stiftung bem\u00fchen. Wir freuen uns \u00fcber jedes Interesse an einer Mitarbeit zum Erhalt dieses Kleinods.<\/p>\n<div class=\"csc-header csc-header-n2\">\n<h1>Ziele<\/h1>\n<\/div>\n<p class=\"bodytext\">Die Stiftung l\u00e4sst sich von dem Modell Samuel von Brukenthals leiten und f\u00f6rdert in seinem Sinne Kultur, Gartenkunst und gesellschaftliche Werte. Die Stiftung will mit kulturellen und didaktischen Aktionen zur Verwirklichung der Ideale Samuel von Brukenthals beitragen. Sie hat sich zum Ziel gesetzt,\u00a0das Erbe Samuel von Brukenthals lebendig zu gestalten,\u00a0es bekannt und \u00f6ffentlich zug\u00e4nglich zu machen, sowie\u00a0in einen europ\u00e4ischen Kontext zu stellen. Hierf\u00fcr bem\u00fcht sie sich um die notwendigen\u00a0materiellen und finanziellen Mittel.<\/p>\n<p>Die Samuel-von-Brukenthal-Stiftung hat eine eigene Webseite.<\/p>\n<p>Sie kann hier erreicht werden:\u00a0 <a href=\"http:\/\/www.brukenthal.org\/\">http:\/\/www.brukenthal.org\/<\/a><\/p>\n","protected":false},"excerpt":{"rendered":"<p>Die Stiftung 1999 erhielt die neu gegr\u00fcndete Brukenthalstiftung den nach dem 2. Weltkrieg enteignete Sommersitz Samuel von Brukenthals in Freck \/ Avrig vom Staat zur\u00fcckerstattet und k\u00fcmmert sich seither mit bescheidenen Mitteln um den Erhalt und um die k\u00fcnftige Nutzung des Anwesens. Zu den 46 Gr\u00fcndungsmitgliedern geh\u00f6rten viele Pers\u00f6nlichkeiten des \u00f6ffentlichen Lebens: unter anderem Klaus [&hellip;]<\/p>\n","protected":false},"author":2,"featured_media":0,"parent":2656,"menu_order":0,"comment_status":"closed","ping_status":"closed","template":"","meta":{"footnotes":""},"class_list":["post-4003","page","type-page","status-publish","czr-hentry"],"_links":{"self":[{"href":"https:\/\/hermannstadt.evang.ro\/ro\/wp-json\/wp\/v2\/pages\/4003","targetHints":{"allow":["GET"]}}],"collection":[{"href":"https:\/\/hermannstadt.evang.ro\/ro\/wp-json\/wp\/v2\/pages"}],"about":[{"href":"https:\/\/hermannstadt.evang.ro\/ro\/wp-json\/wp\/v2\/types\/page"}],"author":[{"embeddable":true,"href":"https:\/\/hermannstadt.evang.ro\/ro\/wp-json\/wp\/v2\/users\/2"}],"replies":[{"embeddable":true,"href":"https:\/\/hermannstadt.evang.ro\/ro\/wp-json\/wp\/v2\/comments?post=4003"}],"version-history":[{"count":2,"href":"https:\/\/hermannstadt.evang.ro\/ro\/wp-json\/wp\/v2\/pages\/4003\/revisions"}],"predecessor-version":[{"id":4057,"href":"https:\/\/hermannstadt.evang.ro\/ro\/wp-json\/wp\/v2\/pages\/4003\/revisions\/4057"}],"up":[{"embeddable":true,"href":"https:\/\/hermannstadt.evang.ro\/ro\/wp-json\/wp\/v2\/pages\/2656"}],"wp:attachment":[{"href":"https:\/\/hermannstadt.evang.ro\/ro\/wp-json\/wp\/v2\/media?parent=4003"}],"curies":[{"name":"wp","href":"https:\/\/api.w.org\/{rel}","templated":true}]}}