{"id":4005,"date":"2020-04-02T22:08:52","date_gmt":"2020-04-02T19:08:52","guid":{"rendered":"https:\/\/hermannstadt.evang.ro\/?page_id=4005"},"modified":"2021-02-21T18:15:33","modified_gmt":"2021-02-21T16:15:33","slug":"diakoniehof-schellenberg","status":"publish","type":"page","link":"https:\/\/hermannstadt.evang.ro\/ro\/servicii-sociale\/diakoniehof-schellenberg\/","title":{"rendered":"Gospod\u0103ria social\u0103 \u0218elimb\u0103r &#8222;DIAKONIEHOF&#8221;"},"content":{"rendered":"<p><a href=\"https:\/\/hermannstadt.evang.ro\/wp-content\/uploads\/2020\/12\/Diakoniehof-Schellenberg-Ubersicht-1024x749.jpg\"><img loading=\"lazy\" decoding=\"async\" class=\"wp-image-5288 size-large aligncenter\" src=\"https:\/\/hermannstadt.evang.ro\/wp-content\/uploads\/2020\/12\/Diakoniehof-Schellenberg-Ubersicht-1024x749.jpg\" alt=\"\" width=\"1024\" height=\"749\" srcset=\"https:\/\/hermannstadt.evang.ro\/wp-content\/uploads\/2020\/12\/Diakoniehof-Schellenberg-Ubersicht-1024x749.jpg 1024w, https:\/\/hermannstadt.evang.ro\/wp-content\/uploads\/2020\/12\/Diakoniehof-Schellenberg-Ubersicht-300x220.jpg 300w, https:\/\/hermannstadt.evang.ro\/wp-content\/uploads\/2020\/12\/Diakoniehof-Schellenberg-Ubersicht-768x562.jpg 768w, https:\/\/hermannstadt.evang.ro\/wp-content\/uploads\/2020\/12\/Diakoniehof-Schellenberg-Ubersicht-1536x1124.jpg 1536w, https:\/\/hermannstadt.evang.ro\/wp-content\/uploads\/2020\/12\/Diakoniehof-Schellenberg-Ubersicht-340x250.jpg 340w, https:\/\/hermannstadt.evang.ro\/wp-content\/uploads\/2020\/12\/Diakoniehof-Schellenberg-Ubersicht.jpg 1895w\" sizes=\"auto, (max-width: 1024px) 100vw, 1024px\" \/><\/a><\/p>\n<p>Diverse activit\u0103\u021bi sociale au loc \u00een cadrul gospod\u0103riei noastre sociale la \u201eDiakoniehof Schellenberg\u201d, fosta parohie evanghelic\u0103.<\/p>\n<p>Printre acestea se num\u0103r\u0103 locuirea asistat\u0103, asisten\u021b\u0103 social\u0103, gr\u0103dina mare si mas\u0103 pe ro\u0163i. \u00cen cooperare cu Diakoniewerk Gallneukirchen este planificat un nou atelier ptr persoanele cu dizabilit\u0103\u021bi; care va include o grup\u0103 ptr gr\u0103din\u0103rit.<br \/>\n\u00cen micul magazin de l\u00e2ng\u0103 strad\u0103 se vor putea cump\u0103ra produse din gr\u0103din\u0103 \u0219i atelier, se va putea bea un ceai sau se va putea programa un tur al bisericii.<\/p>\n<p>Proiectele de la Diakoniehof Schellenberg sunt finan\u021bate prin dona\u021bii \u0219i fonduri proprii ale parohiei. \u00cencerc\u0103m \u00een mod regulat s\u0103 cooper\u0103m cu autorit\u0103\u021bile statului.<\/p>\n<p><img loading=\"lazy\" decoding=\"async\" class=\"aligncenter size-full wp-image-1910\" src=\"https:\/\/hermannstadt.evang.ro\/wp-content\/uploads\/2019\/11\/Group-44-_1011205__1011206-2-images.jpg\" alt=\"\" width=\"1000\" height=\"588\" srcset=\"https:\/\/hermannstadt.evang.ro\/wp-content\/uploads\/2019\/11\/Group-44-_1011205__1011206-2-images.jpg 1000w, https:\/\/hermannstadt.evang.ro\/wp-content\/uploads\/2019\/11\/Group-44-_1011205__1011206-2-images-300x176.jpg 300w, https:\/\/hermannstadt.evang.ro\/wp-content\/uploads\/2019\/11\/Group-44-_1011205__1011206-2-images-768x452.jpg 768w\" sizes=\"auto, (max-width: 1000px) 100vw, 1000px\" \/><\/p>\n<h3>Locuin\u021be protejate<\/h3>\n<p>Cu ajutorul dona\u0163ilor \u015fi al sprijinului financiar din partea \u201eZ\u00fcrcher Kommende des Johanniterordens\u201d au fost renovate \u015fi dotate 6 apartamente mici\u00a0 din fosta parohia evanghelic\u0103 din \u015eelimb\u0103r, care apar\u021bine azi de parohia Sibiu.<br \/>\nExist\u0103 o buc\u0103t\u0103rie comun\u0103 ptr apartamentele care nu au buc\u0103t\u0103rie proprie. De asemenea a fost renovat\u0103 \u0219i mobilat\u0103 o sal\u0103 comunitar\u0103, unde se \u021bin seminarii, consultan\u021b\u0103 \u0219i iarna slujbele. \u00cen timpul pandemiei o folosim ca sal\u0103 de studiu pentru copii \u0219colari din incint\u0103.<\/p>\n<p>Pentru acest proiect, la centrul de g\u0103zduire Diakoniehof Schellenberg, a fost angajat\u0103, din prim\u0103vara anului 2018, o asistent\u0103 social\u0103. Aceast\u0103 asistent\u0103 social\u0103 se ocup\u0103 cu \u00eengrijirea \u015fi reintegrarea oamenilor care locuiesc acolo. De asemenea o parte important\u0103 \u00een acest proiect este construierea unei rela\u0163ii cu reziden\u0163ii centrului \u015fi oferirea de consiliere \u015fi asisten\u0163\u0103.<\/p>\n<p>Scopul acestui proiect este s\u0103 ofere oamenilor nevoia\u015fi, o g\u0103zduire temporar\u0103. Locuin\u0163ele sociale sunt pentru oamenii cu venituri reduse.\u00a0 De asemenea cu ajutorul asisten\u0163ei sociale, oamenii sunt ajuta\u0163i s\u0103 se reintegreze pas cu pas \u00een societate. Acest proiect prevede pe l\u00e2ng\u0103 oferirea unui c\u0103min \u015fi\u00a0 sus\u0163inere \u00een momentele lor dificile.<\/p>\n<p>&nbsp;<\/p>\n<h3>Gr\u0103din\u0103rit<\/h3>\n<p>Gospod\u0103ria social\u0103 DIAKONIEHOF SCHELLENBERG dispune de o gr\u0103din\u0103 parohial\u0103 mare de aprox. 1,5 hectare. Aceast\u0103 gr\u0103din\u0103 ofer\u0103 oportunitatea excelent\u0103 de a implica oamenii care locuiesc acolo \u015fi voluntarii ocazionali \u00een activit\u0103\u021bi regulate. Se practic\u0103 agricultura ecologic\u0103 \u015fi cre\u015fterea animalelor (g\u0103ini, oi,iepuri). Suntem ghida\u0163i \u015fi sf\u0103tui\u0163i de c\u0103tre un fermier ecologic. \u00cen 2015, \u00een gr\u0103din\u0103,\u00a0 a fost construit un sistem de iriga\u021bii cu ajutorul unei dona\u021bii de la Johanniter din Z\u00fcrich. Cu noul sistem de iriga\u021bii, este posibil\u0103 irigarea eficient\u0103 a gr\u0103dinii cu ap\u0103 de ploaie colectat\u0103 \u0219i ap\u0103 din f\u00e2nt\u00e2n\u0103. Acest lucru economise\u0219te costuri pe termen lung, iar gr\u0103dina poate fi udat\u0103 biologic pe toat\u0103 suprafa\u0163a ei.<\/p>\n<p>&nbsp;<\/p>\n<h3>Perspectiv\u0103<\/h3>\n<p>\u00cen viitorul apropiat, Diakoniehof Schellenberg urmeaz\u0103 s\u0103 fie extins cu un atelier pentru persoane cu dizabilit\u0103\u021bi (\u00een cooperare cu Diakoniewerk Gallneukirchen) \u0219i un mic magazin c\u0103tre strad\u0103, care va servi drept punct de contact c\u0103tre exterior \u0219i unde se vor vinde produse din gr\u0103din\u0103\u00a0 \u0219i\u00a0 atelier,<\/p>\n","protected":false},"excerpt":{"rendered":"<p>Diverse activit\u0103\u021bi sociale au loc \u00een cadrul gospod\u0103riei noastre sociale la \u201eDiakoniehof Schellenberg\u201d, fosta parohie evanghelic\u0103. Printre acestea se num\u0103r\u0103 locuirea asistat\u0103, asisten\u021b\u0103 social\u0103, gr\u0103dina mare si mas\u0103 pe ro\u0163i. \u00cen cooperare cu Diakoniewerk Gallneukirchen este planificat un nou atelier ptr persoanele cu dizabilit\u0103\u021bi; care va include o grup\u0103 ptr gr\u0103din\u0103rit. \u00cen micul magazin de [&hellip;]<\/p>\n","protected":false},"author":2,"featured_media":0,"parent":2652,"menu_order":0,"comment_status":"closed","ping_status":"closed","template":"","meta":{"footnotes":""},"class_list":["post-4005","page","type-page","status-publish","czr-hentry"],"_links":{"self":[{"href":"https:\/\/hermannstadt.evang.ro\/ro\/wp-json\/wp\/v2\/pages\/4005","targetHints":{"allow":["GET"]}}],"collection":[{"href":"https:\/\/hermannstadt.evang.ro\/ro\/wp-json\/wp\/v2\/pages"}],"about":[{"href":"https:\/\/hermannstadt.evang.ro\/ro\/wp-json\/wp\/v2\/types\/page"}],"author":[{"embeddable":true,"href":"https:\/\/hermannstadt.evang.ro\/ro\/wp-json\/wp\/v2\/users\/2"}],"replies":[{"embeddable":true,"href":"https:\/\/hermannstadt.evang.ro\/ro\/wp-json\/wp\/v2\/comments?post=4005"}],"version-history":[{"count":11,"href":"https:\/\/hermannstadt.evang.ro\/ro\/wp-json\/wp\/v2\/pages\/4005\/revisions"}],"predecessor-version":[{"id":5515,"href":"https:\/\/hermannstadt.evang.ro\/ro\/wp-json\/wp\/v2\/pages\/4005\/revisions\/5515"}],"up":[{"embeddable":true,"href":"https:\/\/hermannstadt.evang.ro\/ro\/wp-json\/wp\/v2\/pages\/2652"}],"wp:attachment":[{"href":"https:\/\/hermannstadt.evang.ro\/ro\/wp-json\/wp\/v2\/media?parent=4005"}],"curies":[{"name":"wp","href":"https:\/\/api.w.org\/{rel}","templated":true}]}}