{"id":4014,"date":"2020-04-02T22:13:40","date_gmt":"2020-04-02T19:13:40","guid":{"rendered":"https:\/\/hermannstadt.evang.ro\/?page_id=4014"},"modified":"2020-04-02T22:48:07","modified_gmt":"2020-04-02T19:48:07","slug":"dorfkirche-schellenberg","status":"publish","type":"page","link":"https:\/\/hermannstadt.evang.ro\/ro\/cultura-turism\/dorfkirche-schellenberg\/","title":{"rendered":"Biserica evanghelic\u0103 \u0218elimb\u0103r"},"content":{"rendered":"<p><a href=\"https:\/\/hermannstadt.evang.ro\/wp-content\/uploads\/2020\/03\/Dorfkirche-Schellenberg.jpg\"><img loading=\"lazy\" decoding=\"async\" class=\"alignright size-full wp-image-3406\" src=\"https:\/\/hermannstadt.evang.ro\/wp-content\/uploads\/2020\/03\/Dorfkirche-Schellenberg.jpg\" alt=\"\" width=\"1000\" height=\"664\" srcset=\"https:\/\/hermannstadt.evang.ro\/wp-content\/uploads\/2020\/03\/Dorfkirche-Schellenberg.jpg 1000w, https:\/\/hermannstadt.evang.ro\/wp-content\/uploads\/2020\/03\/Dorfkirche-Schellenberg-300x199.jpg 300w, https:\/\/hermannstadt.evang.ro\/wp-content\/uploads\/2020\/03\/Dorfkirche-Schellenberg-768x510.jpg 768w\" sizes=\"auto, (max-width: 1000px) 100vw, 1000px\" \/><\/a>Die \u00e4lteste Kirche von Schellenberg ist die im romanischen Stil im 12. Jahrhundert erbaute Kirche, heute die evangelische Kirche. Die halbkreisf\u00f6rmigen Apsiden und die Kreuzkapellen erinnern noch heute an die Zeit der Erbauung.\u00a0 1423 wurden die gotischen Mauern hochgezogen. Die vielen Ver\u00e4nderungen, die der Sakralbau durchgemacht hat, sind \u00fcber dem Gew\u00f6lbe eingeschrieben &#8211; z.B. die Zerst\u00f6rung durch den rum\u00e4nischen Woiwoden Michael dem Tapferen 1599 und durch den siebenb\u00fcrgischen F\u00fcrsten Rakoczi 1656. 1742 wurde der Altar eingabaut, 1804 der Glockenturm und 1911 die Orgel.<\/p>\n<p>Heute wird auf dem Pfarrhof der &#8222;<a href=\"https:\/\/hermannstadt.evang.ro\/diakonie\/diakoniehof-schellenberg\/\">Diakoniehof Schellenberg&#8221;<\/a> beherbergt, welcher Menschen aus benachteiligten Verh\u00e4ltnissen zu einer neuen Chance verhilft.<\/p>\n","protected":false},"excerpt":{"rendered":"<p>Die \u00e4lteste Kirche von Schellenberg ist die im romanischen Stil im 12. Jahrhundert erbaute Kirche, heute die evangelische Kirche. Die halbkreisf\u00f6rmigen Apsiden und die Kreuzkapellen erinnern noch heute an die Zeit der Erbauung.\u00a0 1423 wurden die gotischen Mauern hochgezogen. Die vielen Ver\u00e4nderungen, die der Sakralbau durchgemacht hat, sind \u00fcber dem Gew\u00f6lbe eingeschrieben &#8211; z.B. die [&hellip;]<\/p>\n","protected":false},"author":2,"featured_media":0,"parent":2656,"menu_order":0,"comment_status":"closed","ping_status":"closed","template":"","meta":{"footnotes":""},"class_list":["post-4014","page","type-page","status-publish","czr-hentry"],"_links":{"self":[{"href":"https:\/\/hermannstadt.evang.ro\/ro\/wp-json\/wp\/v2\/pages\/4014","targetHints":{"allow":["GET"]}}],"collection":[{"href":"https:\/\/hermannstadt.evang.ro\/ro\/wp-json\/wp\/v2\/pages"}],"about":[{"href":"https:\/\/hermannstadt.evang.ro\/ro\/wp-json\/wp\/v2\/types\/page"}],"author":[{"embeddable":true,"href":"https:\/\/hermannstadt.evang.ro\/ro\/wp-json\/wp\/v2\/users\/2"}],"replies":[{"embeddable":true,"href":"https:\/\/hermannstadt.evang.ro\/ro\/wp-json\/wp\/v2\/comments?post=4014"}],"version-history":[{"count":2,"href":"https:\/\/hermannstadt.evang.ro\/ro\/wp-json\/wp\/v2\/pages\/4014\/revisions"}],"predecessor-version":[{"id":4060,"href":"https:\/\/hermannstadt.evang.ro\/ro\/wp-json\/wp\/v2\/pages\/4014\/revisions\/4060"}],"up":[{"embeddable":true,"href":"https:\/\/hermannstadt.evang.ro\/ro\/wp-json\/wp\/v2\/pages\/2656"}],"wp:attachment":[{"href":"https:\/\/hermannstadt.evang.ro\/ro\/wp-json\/wp\/v2\/media?parent=4014"}],"curies":[{"name":"wp","href":"https:\/\/api.w.org\/{rel}","templated":true}]}}