{"id":4028,"date":"2020-04-02T22:31:15","date_gmt":"2020-04-02T19:31:15","guid":{"rendered":"https:\/\/hermannstadt.evang.ro\/?page_id=4028"},"modified":"2020-04-02T22:53:34","modified_gmt":"2020-04-02T19:53:34","slug":"gesellenherberge","status":"publish","type":"page","link":"https:\/\/hermannstadt.evang.ro\/ro\/cultura-turism\/gesellenherberge\/","title":{"rendered":"Casa Calfelor"},"content":{"rendered":"<p><img loading=\"lazy\" decoding=\"async\" class=\"aligncenter size-full wp-image-1741\" src=\"https:\/\/hermannstadt.evang.ro\/wp-content\/uploads\/2019\/11\/CC.jpg\" alt=\"\" width=\"1000\" height=\"605\" srcset=\"https:\/\/hermannstadt.evang.ro\/wp-content\/uploads\/2019\/11\/CC.jpg 1000w, https:\/\/hermannstadt.evang.ro\/wp-content\/uploads\/2019\/11\/CC-300x182.jpg 300w, https:\/\/hermannstadt.evang.ro\/wp-content\/uploads\/2019\/11\/CC-768x465.jpg 768w\" sizes=\"auto, (max-width: 1000px) 100vw, 1000px\" \/><\/p>\n<p>Seit dem ausgehenden Mittelalter besteht in den deutschsprachigen L\u00e4ndern die Tradition der reisenden Handwerksgesellen, welche sich nach Abschluss ihrer Ausbildung f\u00fcr drei Jahre und einen Tag auf die Wanderschaft begeben. Sie reisen von Land zu Land, um die regional unterschiedlichen Handwerkstechniken kennenzulernen und im Sinne echter V\u00f6lkerverst\u00e4ndigung das menschliche Miteinander zu suchen. Auch heute befinden sich ca. 700 Gesellinnen und Gesellen \u201eauf der Walz\u201c und zwar in den verschiedensten Handwerken vom B\u00e4cker bis zum Zimmermann.<\/p>\n<p><img loading=\"lazy\" decoding=\"async\" class=\"alignright size-medium wp-image-1751\" src=\"https:\/\/hermannstadt.evang.ro\/wp-content\/uploads\/2019\/11\/Charlie-casacalfelor-300x296.jpg\" alt=\"\" width=\"300\" height=\"296\" srcset=\"https:\/\/hermannstadt.evang.ro\/wp-content\/uploads\/2019\/11\/Charlie-casacalfelor-300x296.jpg 300w, https:\/\/hermannstadt.evang.ro\/wp-content\/uploads\/2019\/11\/Charlie-casacalfelor-768x758.jpg 768w, https:\/\/hermannstadt.evang.ro\/wp-content\/uploads\/2019\/11\/Charlie-casacalfelor-1024x1010.jpg 1024w, https:\/\/hermannstadt.evang.ro\/wp-content\/uploads\/2019\/11\/Charlie-casacalfelor.jpg 1122w\" sizes=\"auto, (max-width: 300px) 100vw, 300px\" \/>Nun sto\u00dfen wir in Hermannstadt bei unserer Kirchengemeinde immer wieder an das Problem der Handwerker: Die guten Meister aus Hammersdorf und Neppendorf sind ausgewandert, die rum\u00e4nischen Handwerker pfl\u00fccken lieber Erdbeeren in Spanien, als ihr Handwerk in Rum\u00e4nien auszu\u00fcben bzw. verdienen auf Baustellen in Westeuropa ein Vielfaches vom hiesigen Lohn, geblieben sind oftmals nur die Pfuscher.<br \/>\nSo entstand die Idee, mit wandernden Handwerkern nicht nur alte Traditionen wieder aufleben zu lassen sondern auch konkrete und fachgerechte Hilfe bei den f\u00e4lligen Reparaturarbeiten an Kirche und den alten Kirchen-H\u00e4usern in der Stadt zu verbinden.<br \/>\nDiesen Handwerkern m\u00f6chten wir nun in Hermannstadt eine Art Anlaufstelle bieten, die nach alter Zunftregel \u201eHerberge\u201c oder \u201eKrug\u201c genannt wird. Dort finden die Reisenden ein Unterkunft und es entsteht ein Kontaktforum f\u00fcr Auftraggeber und Handwerkern, die in unserer Stadt dringend gebraucht werden. So wird auf lebendige Weise die Tradition fortgepflegt, die auch in unserer Zeit nicht an Bedeutung verloren hat. Sowohl unsere Kirchengemeinde, als auch andere Auftraggeber, die um die Erhaltung historischer Bausubstanz in dieser Stadt und Umgebung interessiert sind, k\u00f6nnen auf die Arbeitskraft und Fachkenntnisse der Wandergesellen zur\u00fcckgreifen, und diesen im Austausch ein \u00e4u\u00dferst reizvolles Bet\u00e4tigungsfeld bieten.<\/p>\n<p><a href=\"http:\/\/www.casacalfelor.ro\/\" target=\"_blank\" rel=\"noopener noreferrer\">www.casacalfelor.ro<\/a><\/p>\n","protected":false},"excerpt":{"rendered":"<p>Seit dem ausgehenden Mittelalter besteht in den deutschsprachigen L\u00e4ndern die Tradition der reisenden Handwerksgesellen, welche sich nach Abschluss ihrer Ausbildung f\u00fcr drei Jahre und einen Tag auf die Wanderschaft begeben. Sie reisen von Land zu Land, um die regional unterschiedlichen Handwerkstechniken kennenzulernen und im Sinne echter V\u00f6lkerverst\u00e4ndigung das menschliche Miteinander zu suchen. Auch heute befinden [&hellip;]<\/p>\n","protected":false},"author":2,"featured_media":0,"parent":2656,"menu_order":0,"comment_status":"closed","ping_status":"closed","template":"","meta":{"footnotes":""},"class_list":["post-4028","page","type-page","status-publish","czr-hentry"],"_links":{"self":[{"href":"https:\/\/hermannstadt.evang.ro\/ro\/wp-json\/wp\/v2\/pages\/4028","targetHints":{"allow":["GET"]}}],"collection":[{"href":"https:\/\/hermannstadt.evang.ro\/ro\/wp-json\/wp\/v2\/pages"}],"about":[{"href":"https:\/\/hermannstadt.evang.ro\/ro\/wp-json\/wp\/v2\/types\/page"}],"author":[{"embeddable":true,"href":"https:\/\/hermannstadt.evang.ro\/ro\/wp-json\/wp\/v2\/users\/2"}],"replies":[{"embeddable":true,"href":"https:\/\/hermannstadt.evang.ro\/ro\/wp-json\/wp\/v2\/comments?post=4028"}],"version-history":[{"count":2,"href":"https:\/\/hermannstadt.evang.ro\/ro\/wp-json\/wp\/v2\/pages\/4028\/revisions"}],"predecessor-version":[{"id":4066,"href":"https:\/\/hermannstadt.evang.ro\/ro\/wp-json\/wp\/v2\/pages\/4028\/revisions\/4066"}],"up":[{"embeddable":true,"href":"https:\/\/hermannstadt.evang.ro\/ro\/wp-json\/wp\/v2\/pages\/2656"}],"wp:attachment":[{"href":"https:\/\/hermannstadt.evang.ro\/ro\/wp-json\/wp\/v2\/media?parent=4028"}],"curies":[{"name":"wp","href":"https:\/\/api.w.org\/{rel}","templated":true}]}}