{"id":4030,"date":"2020-04-02T22:31:56","date_gmt":"2020-04-02T19:31:56","guid":{"rendered":"https:\/\/hermannstadt.evang.ro\/?page_id=4030"},"modified":"2020-04-02T22:48:31","modified_gmt":"2020-04-02T19:48:31","slug":"johanniskirche","status":"publish","type":"page","link":"https:\/\/hermannstadt.evang.ro\/ro\/cultura-turism\/johanniskirche\/","title":{"rendered":"Biserica evanghelic\u0103 Sf. Ioan"},"content":{"rendered":"<p><img loading=\"lazy\" decoding=\"async\" class=\"size-full wp-image-1581 alignnone\" src=\"https:\/\/hermannstadt.evang.ro\/wp-content\/uploads\/2019\/11\/TH19A.jpg\" alt=\"\" width=\"1100\" height=\"665\" srcset=\"https:\/\/hermannstadt.evang.ro\/wp-content\/uploads\/2019\/11\/TH19A.jpg 1100w, https:\/\/hermannstadt.evang.ro\/wp-content\/uploads\/2019\/11\/TH19A-300x181.jpg 300w, https:\/\/hermannstadt.evang.ro\/wp-content\/uploads\/2019\/11\/TH19A-768x464.jpg 768w, https:\/\/hermannstadt.evang.ro\/wp-content\/uploads\/2019\/11\/TH19A-1024x619.jpg 1024w\" sizes=\"auto, (max-width: 1100px) 100vw, 1100px\" \/><\/p>\n<h2><span style=\"font-weight: 400;\">Raum f\u00fcr Spiritualit\u00e4t und sakrale Kulturg\u00fcter<\/span><\/h2>\n<p><span style=\"font-weight: 400;\">Die Johanniskirche wurde 1911\/12 als Teil des evangelischen Waisenhauses errichtet. Bis zum 2. Weltkrieg funktionierte sie als Kirche f\u00fcr die WaisenhausbewohnerInnen. Nach dem Weltkrieg wurde der Geb\u00e4udekomplex vom Staat enteignet und anderweitig genutzt. 1999 wurde er zur\u00fcckerstattet. Die Kirche wurde 2005 saniert und seither von der Stadtpfarrgemeinde als Winterkirche genutzt. Durch die komplexe und langwierge Renovation unserer Stadtpfarrkirche 2008\u20132013 und erneut seit 2018 ist sie vor\u00fcbergehend ganzj\u00e4hrig unsere Gemeindekirche.<\/span><\/p>\n<p><span style=\"font-weight: 400;\">Schliesslich ist sie ein Teil des Landeskirchlichen Museums im TeutschHaus <\/span><a href=\"http:\/\/www.teutsch.ro\/\" target=\"_blank\" rel=\"noopener noreferrer\"><span style=\"font-weight: 400;\">www.teutsch.ro<\/span><\/a><span style=\"font-weight: 400;\"> und kann im Rahmen der regul\u00e4ren \u00d6ffnungszeiten besichtigt werden. Sie wird auch von der Landeskirche vielf\u00e4ltig f\u00fcr unterschiedliche Veranstaltungen genutzt.<\/span><\/p>\n<p>&nbsp;<\/p>\n","protected":false},"excerpt":{"rendered":"<p>Raum f\u00fcr Spiritualit\u00e4t und sakrale Kulturg\u00fcter Die Johanniskirche wurde 1911\/12 als Teil des evangelischen Waisenhauses errichtet. Bis zum 2. Weltkrieg funktionierte sie als Kirche f\u00fcr die WaisenhausbewohnerInnen. Nach dem Weltkrieg wurde der Geb\u00e4udekomplex vom Staat enteignet und anderweitig genutzt. 1999 wurde er zur\u00fcckerstattet. Die Kirche wurde 2005 saniert und seither von der Stadtpfarrgemeinde als Winterkirche [&hellip;]<\/p>\n","protected":false},"author":2,"featured_media":0,"parent":2656,"menu_order":0,"comment_status":"closed","ping_status":"closed","template":"","meta":{"footnotes":""},"class_list":["post-4030","page","type-page","status-publish","czr-hentry"],"_links":{"self":[{"href":"https:\/\/hermannstadt.evang.ro\/ro\/wp-json\/wp\/v2\/pages\/4030","targetHints":{"allow":["GET"]}}],"collection":[{"href":"https:\/\/hermannstadt.evang.ro\/ro\/wp-json\/wp\/v2\/pages"}],"about":[{"href":"https:\/\/hermannstadt.evang.ro\/ro\/wp-json\/wp\/v2\/types\/page"}],"author":[{"embeddable":true,"href":"https:\/\/hermannstadt.evang.ro\/ro\/wp-json\/wp\/v2\/users\/2"}],"replies":[{"embeddable":true,"href":"https:\/\/hermannstadt.evang.ro\/ro\/wp-json\/wp\/v2\/comments?post=4030"}],"version-history":[{"count":2,"href":"https:\/\/hermannstadt.evang.ro\/ro\/wp-json\/wp\/v2\/pages\/4030\/revisions"}],"predecessor-version":[{"id":4061,"href":"https:\/\/hermannstadt.evang.ro\/ro\/wp-json\/wp\/v2\/pages\/4030\/revisions\/4061"}],"up":[{"embeddable":true,"href":"https:\/\/hermannstadt.evang.ro\/ro\/wp-json\/wp\/v2\/pages\/2656"}],"wp:attachment":[{"href":"https:\/\/hermannstadt.evang.ro\/ro\/wp-json\/wp\/v2\/media?parent=4030"}],"curies":[{"name":"wp","href":"https:\/\/api.w.org\/{rel}","templated":true}]}}