{"id":6985,"date":"2022-05-10T20:45:34","date_gmt":"2022-05-10T17:45:34","guid":{"rendered":"https:\/\/hermannstadt.evang.ro\/?page_id=6985"},"modified":"2022-05-10T20:55:21","modified_gmt":"2022-05-10T17:55:21","slug":"centrul-de-zi-casa-deschisa","status":"publish","type":"page","link":"https:\/\/hermannstadt.evang.ro\/ro\/servicii-sociale\/centrul-de-zi-casa-deschisa\/","title":{"rendered":"Centrul de zi &#8222;CASA DESCHIS\u0102&#8221;"},"content":{"rendered":"<p><img loading=\"lazy\" decoding=\"async\" class=\"aligncenter size-full wp-image-2403\" src=\"https:\/\/hermannstadt.evang.ro\/wp-content\/uploads\/2020\/01\/ru1-poza-mare.jpg\" alt=\"\" width=\"1000\" height=\"563\" srcset=\"https:\/\/hermannstadt.evang.ro\/wp-content\/uploads\/2020\/01\/ru1-poza-mare.jpg 1000w, https:\/\/hermannstadt.evang.ro\/wp-content\/uploads\/2020\/01\/ru1-poza-mare-300x169.jpg 300w, https:\/\/hermannstadt.evang.ro\/wp-content\/uploads\/2020\/01\/ru1-poza-mare-768x432.jpg 768w, https:\/\/hermannstadt.evang.ro\/wp-content\/uploads\/2020\/01\/ru1-poza-mare-528x297.jpg 528w\" sizes=\"auto, (max-width: 1000px) 100vw, 1000px\" \/><\/p>\n<h4><strong>Centrul de zi &#8222;Offenes Haus<\/strong>&#8221; ofer\u0103 unui num\u0103r de 25 de copii un spa\u021biu protejat \u00een care ace\u0219tia pot dob\u00e2ndi cuno\u0219tin\u021be \u0219i abilit\u0103\u021bi pentru o via\u021b\u0103 autodeterminat\u0103 \u0219i li se ofer\u0103 posibilitatea de a deveni membri independen\u021bi \u0219i responsabili ai societ\u0103\u021bii.<\/h4>\n<p><strong>Cu ajutorul dumneavoastr\u0103, putem facilita accesul copiilor la educa\u021bie prin:<\/strong><\/p>\n<ul>\n<li style=\"font-weight: 400;\">Sprijin \u0219colar orientat, sprijin pedagogic, achizi\u021bionarea \u0219i distribuirea de materiale \u0219colare, caiete \u0219i c\u0103r\u021bi, jocuri.<\/li>\n<li style=\"font-weight: 400;\">O mas\u0103 cald\u0103 pe zi<\/li>\n<li style=\"font-weight: 400;\">Asisten\u021b\u0103 pentru a face fa\u021b\u0103 vie\u021bii de zi cu zi<\/li>\n<li style=\"font-weight: 400;\">Sprijin \u00een dezvoltarea abilit\u0103\u021bilor sociale<\/li>\n<li style=\"font-weight: 400;\">Consiliere social\u0103 pentru copii \u0219i tutorii lor<\/li>\n<li style=\"font-weight: 400;\">Terapie psihologic\u0103 individual\u0103 \u0219i de grup<\/li>\n<\/ul>\n<p><strong><img loading=\"lazy\" decoding=\"async\" class=\"alignleft wp-image-2415\" src=\"https:\/\/hermannstadt.evang.ro\/wp-content\/uploads\/2020\/01\/Offenes-Haus-Oktober-2018-27-200x300.jpg\" alt=\"\" width=\"196\" height=\"293\" srcset=\"https:\/\/hermannstadt.evang.ro\/wp-content\/uploads\/2020\/01\/Offenes-Haus-Oktober-2018-27-200x300.jpg 200w, https:\/\/hermannstadt.evang.ro\/wp-content\/uploads\/2020\/01\/Offenes-Haus-Oktober-2018-27-768x1152.jpg 768w, https:\/\/hermannstadt.evang.ro\/wp-content\/uploads\/2020\/01\/Offenes-Haus-Oktober-2018-27-683x1024.jpg 683w, https:\/\/hermannstadt.evang.ro\/wp-content\/uploads\/2020\/01\/Offenes-Haus-Oktober-2018-27.jpg 1000w\" sizes=\"auto, (max-width: 196px) 100vw, 196px\" \/><\/strong><\/p>\n<div>C\u00e2nd un copil tr\u0103ie\u0219te cu toleran\u021b\u0103, \u00eenva\u021b\u0103 s\u0103 fie r\u0103bd\u0103tor.<\/div>\n<div><\/div>\n<div>C\u00e2nd un copil tr\u0103ie\u0219te cu \u00eencuraj\u0103ri, \u00eenva\u021b\u0103 s\u0103 fie \u00eencrez\u0103tor.<\/div>\n<div><\/div>\n<div>C\u00e2nd un copil tr\u0103ie\u0219te cu laude, \u00eenva\u021b\u0103 s\u0103 aprecieze.<\/div>\n<div><\/div>\n<div>Atunci c\u00e2nd un copil tr\u0103ie\u0219te cu corectitudine, el \u00eenva\u021b\u0103 dreptatea.<\/div>\n<div><\/div>\n<div>Atunci c\u00e2nd un copil tr\u0103ie\u0219te \u00een siguran\u021b\u0103, el \u00eenva\u021b\u0103 s\u0103 aib\u0103 \u00eencredere.<\/div>\n<div><\/div>\n<div>Atunci c\u00e2nd un copil tr\u0103ie\u0219te cu recunoa\u0219tere, \u00eenva\u021b\u0103 s\u0103 se plac\u0103 pe sine.<\/div>\n<div><\/div>\n<div>C\u00e2nd un copil tr\u0103ie\u0219te cu favoruri \u0219i prietenie, el \u00eenva\u021b\u0103 s\u0103 g\u0103seasc\u0103 iubire \u0219i c\u0103ldur\u0103.<\/div>\n<div><\/div>\n<div><\/div>\n<div>Potrivit Unicef, 43% dintre copiii din Rom\u00e2nia sunt expu\u0219i riscului de s\u0103r\u0103cie \u0219i excluziune social\u0103. Ace\u0219tia cresc \u00een condi\u021bii precare \u0219i, adesea, nu reu\u0219esc s\u0103 \u00ee\u0219i finalizeze educa\u021bia. Centrul de zi &#8222;CASA DESCHIS\u0102&#8221; ofer\u0103 unui num\u0103r de 25 de copii un spa\u021biu protejat \u00een care ace\u0219tia dob\u00e2ndesc cuno\u0219tin\u021be \u0219i abilit\u0103\u021bi pentru o via\u021b\u0103 autodeterminat\u0103. Ace\u0219tia au posibilitatea de a deveni membri independen\u021bi \u0219i responsabili ai societ\u0103\u021bii.<\/div>\n<div><\/div>\n<p><img loading=\"lazy\" decoding=\"async\" class=\"aligncenter size-full wp-image-2409\" src=\"https:\/\/hermannstadt.evang.ro\/wp-content\/uploads\/2020\/01\/ru1.jpg\" alt=\"\" width=\"1000\" height=\"563\" srcset=\"https:\/\/hermannstadt.evang.ro\/wp-content\/uploads\/2020\/01\/ru1.jpg 1000w, https:\/\/hermannstadt.evang.ro\/wp-content\/uploads\/2020\/01\/ru1-300x169.jpg 300w, https:\/\/hermannstadt.evang.ro\/wp-content\/uploads\/2020\/01\/ru1-768x432.jpg 768w, https:\/\/hermannstadt.evang.ro\/wp-content\/uploads\/2020\/01\/ru1-528x297.jpg 528w\" sizes=\"auto, (max-width: 1000px) 100vw, 1000px\" \/><\/p>\n<div>Copiii mai mari devin persoane de referin\u021b\u0103 pentru cei mai mici, care \u00eei admir\u0103 \u0219i le urmeaz\u0103 exemplul. Func\u021bia de model de urmat este \u0219i \u00een ceea ce prive\u0219te \u00eenv\u0103\u021barea: cei mici se inspir\u0103 de la cei mai mari, care frecventeaz\u0103 cu regularitate cursurile \u0219i chiar finalizeaz\u0103 cu succes \u00eenv\u0103\u021b\u0103m\u00e2ntul obligatoriu. Acest lucru \u00eei \u00eencurajeaz\u0103 s\u0103 \u00ee\u0219i urmeze propriul parcurs educa\u021bional \u0219i le cre\u0219te \u0219ansele de a sc\u0103pa de s\u0103r\u0103cie.<\/div>\n<div><\/div>\n<div>Din cauza lipsei apei curente sau a apei calde \u00een multe gospod\u0103rii, importan\u021ba igienei \u00een via\u021ba de zi cu zi este predat\u0103 cu ajutorul unui kit de igien\u0103 personal\u0103, de exemplu, atunci c\u00e2nd se spal\u0103 pe m\u00e2ini, igiena dentar\u0103 sau c\u00e2nd manipuleaz\u0103 alimente \u0219i m\u0103n\u00e2nc\u0103.<\/div>\n<h3>Raportul Centrului de Zi pe anul 2021 poate fi gasit aici:\u00a0 <a href=\"https:\/\/hermannstadt.evang.ro\/wp-content\/uploads\/2022\/05\/RAPORT-DE-ACTIVITATE-2021.pdf\">RAPORT DE ACTIVITATE 2021\u00a0 &#8211; lb. rom\u00e2n\u0103<\/a><\/h3>\n","protected":false},"excerpt":{"rendered":"<p>Centrul de zi &#8222;Offenes Haus&#8221; ofer\u0103 unui num\u0103r de 25 de copii un spa\u021biu protejat \u00een care ace\u0219tia pot dob\u00e2ndi cuno\u0219tin\u021be \u0219i abilit\u0103\u021bi pentru o via\u021b\u0103 autodeterminat\u0103 \u0219i li se ofer\u0103 posibilitatea de a deveni membri independen\u021bi \u0219i responsabili ai societ\u0103\u021bii. Cu ajutorul dumneavoastr\u0103, putem facilita accesul copiilor la educa\u021bie prin: Sprijin \u0219colar orientat, sprijin [&hellip;]<\/p>\n","protected":false},"author":2,"featured_media":0,"parent":2652,"menu_order":0,"comment_status":"closed","ping_status":"closed","template":"","meta":{"footnotes":""},"class_list":["post-6985","page","type-page","status-publish","czr-hentry"],"_links":{"self":[{"href":"https:\/\/hermannstadt.evang.ro\/ro\/wp-json\/wp\/v2\/pages\/6985","targetHints":{"allow":["GET"]}}],"collection":[{"href":"https:\/\/hermannstadt.evang.ro\/ro\/wp-json\/wp\/v2\/pages"}],"about":[{"href":"https:\/\/hermannstadt.evang.ro\/ro\/wp-json\/wp\/v2\/types\/page"}],"author":[{"embeddable":true,"href":"https:\/\/hermannstadt.evang.ro\/ro\/wp-json\/wp\/v2\/users\/2"}],"replies":[{"embeddable":true,"href":"https:\/\/hermannstadt.evang.ro\/ro\/wp-json\/wp\/v2\/comments?post=6985"}],"version-history":[{"count":4,"href":"https:\/\/hermannstadt.evang.ro\/ro\/wp-json\/wp\/v2\/pages\/6985\/revisions"}],"predecessor-version":[{"id":6989,"href":"https:\/\/hermannstadt.evang.ro\/ro\/wp-json\/wp\/v2\/pages\/6985\/revisions\/6989"}],"up":[{"embeddable":true,"href":"https:\/\/hermannstadt.evang.ro\/ro\/wp-json\/wp\/v2\/pages\/2652"}],"wp:attachment":[{"href":"https:\/\/hermannstadt.evang.ro\/ro\/wp-json\/wp\/v2\/media?parent=6985"}],"curies":[{"name":"wp","href":"https:\/\/api.w.org\/{rel}","templated":true}]}}